{"id":131,"date":"2021-06-04T17:04:22","date_gmt":"2021-06-04T17:04:22","guid":{"rendered":"https:\/\/allmannat.sven-halle.de\/?page_id=131"},"modified":"2021-07-09T15:33:37","modified_gmt":"2021-07-09T15:33:37","slug":"stellenangebote","status":"publish","type":"page","link":"https:\/\/allmannat.sven-halle.de\/?page_id=131","title":{"rendered":"Stellenangebote"},"content":{"rendered":"<p>[et_pb_section fb_built=&#8220;1&#8243; _builder_version=&#8220;4.9.7&#8243; _module_preset=&#8220;default&#8220;][et_pb_row _builder_version=&#8220;4.9.7&#8243; _module_preset=&#8220;default&#8220;][et_pb_column type=&#8220;4_4&#8243; _builder_version=&#8220;4.9.7&#8243; _module_preset=&#8220;default&#8220;][et_pb_text _builder_version=&#8220;4.9.7&#8243; _module_preset=&#8220;default&#8220; header_font=&#8220;|||on|||||&#8220; header_font_size=&#8220;48px&#8220; header_line_height=&#8220;1.4em&#8220; header_2_font=&#8220;|||on|||||&#8220; header_2_text_align=&#8220;center&#8220; header_2_line_height=&#8220;3em&#8220; custom_padding=&#8220;0px|||||&#8220;]<\/p>\n<h1 style=\"text-align: center;\">Stellenangebote<\/h1>\n<p>&nbsp;<\/p>\n<p>[\/et_pb_text][\/et_pb_column][\/et_pb_row][et_pb_row _builder_version=&#8220;4.9.7&#8243; _module_preset=&#8220;default&#8220;][et_pb_column type=&#8220;4_4&#8243; _builder_version=&#8220;4.9.7&#8243; _module_preset=&#8220;default&#8220;][et_pb_text _builder_version=&#8220;4.9.7&#8243; _module_preset=&#8220;default&#8220;]<\/p>\n<p><span><table border=\"0\" cellpadding=\"0\" cellspacing=\"0\"><tr style=\"background-color:#efefef;\"><td>Produkt-Manager*in FMCG bei  einem mittelst\u00e4ndischen Marktf\u00fchrer der Lebensmittelindustrie<\/td><td>Hamburg<\/td><td><a href=https:\/\/www.allmannpb.de\/anzeigen\/0226004.html target=_blank>Details<\/a><\/td><\/tr><tr ><td>Leitung Einkauf (m\/w\/d) in einem mittelst\u00e4ndischen Unternehmen der produzierenden Industrie<\/td><td>Raum Karlsruhe<\/td><td><a href=https:\/\/www.allmannpb.de\/anzeigen\/0126003.html target=_blank>Details<\/a><\/td><\/tr><tr style=\"background-color:#efefef;\"><td>Vertriebsingenieur (m\/w\/d) S\u00fcdamerika bei f\u00fchrendem Unternehmen der Metallindustrie<\/td><td>Home-Office S\u00fcddeutschland<\/td><td><a href=https:\/\/www.allmannpb.de\/anzeigen\/0126002.html target=_blank>Details<\/a><\/td><\/tr><tr ><td>Director Global Operations (m\/w\/d) bei einem Marktf\u00fchrer der Gro\u00dfk\u00fcchentechnik<\/td><td>Oberschwaben \/ Baden-W\u00fcrttemberg<\/td><td><a href=https:\/\/www.allmannpb.de\/anzeigen\/0126001.html target=_blank>Details<\/a><\/td><\/tr><tr style=\"background-color:#efefef;\"><td>Entgeltabrechnung Schhichtsysteme (m\/w\/d)<\/td><td>Mannheim<\/td><td><a href=https:\/\/www.allmannpb.de\/anzeigen\/0725008.html target=_blank>Details<\/a><\/td><\/tr><tr ><td>Team Leader Customer Service Europe (m\/w\/d) bei international agierendem Mittelst\u00e4ndler des Maschinenbaus  <\/td><td>65396 Walluf<\/td><td><a href=https:\/\/www.allmannpb.de\/anzeigen\/0825009.html target=_blank>Details<\/a><\/td><\/tr><tr style=\"background-color:#efefef;\"><td>B2B-Vertrieb \/ Business Development Manager (m\/w\/d) im Bereich FMCG \/ Food \/ <\/td><td>Hamburg<\/td><td><a href=https:\/\/www.allmannpb.de\/anzeigen\/0725007.html target=_blank>Details<\/a><\/td><\/tr><tr ><td>Leitung Personal \/ Director HR (m\/w\/d) f\u00fcr  international agierendes Industrieunternehmen<\/td><td>Raum Karlsruhe<\/td><td><a href=https:\/\/www.allmannpb.de\/anzeigen\/0525006.html target=_blank>Details<\/a><\/td><\/tr><tr style=\"background-color:#efefef;\"><td>Online-Servicetechniker (m\/w\/d) elektrische Mess-und Regelungstechnik<\/td><td>Limburg a.d. Lahn oder Home-Office<\/td><td><a href=https:\/\/www.allmannpb.de\/anzeigen\/0425005.html target=_blank>Details<\/a><\/td><\/tr><tr ><td>Servicetechniker (m\/w\/d) Gro\u00dfraum Augsburg \/ Kempten bei f\u00fchrendem Hersteller im Bereich der Mess- und Regelungstechnik<\/td><td>Gro\u00dfraum Augsburg \/ Kempten<\/td><td><a href=https:\/\/www.allmannpb.de\/anzeigen\/0125002.html target=_blank>Details<\/a><\/td><\/tr><tr style=\"background-color:#efefef;\"><td>Abteilungsleitung Personal (m\/w\/d) f\u00fcr f\u00fchrenden Modulraumanbieter<\/td><td>56307 Dernbach<\/td><td><a href=https:\/\/www.allmannpb.de\/anzeigen\/0125003.html target=_blank>Details<\/a><\/td><\/tr><tr ><td>Mitarbeiter*in f\u00fcr den Vertriebsinnendienst in mittelst\u00e4ndischem Unternehmen der Lebensmittelindustrie<\/td><td>Hamburg<\/td><td><a href=https:\/\/www.allmannpb.de\/anzeigen\/0125001.html target=_blank>Details<\/a><\/td><\/tr><tr style=\"background-color:#efefef;\"><td>Leitung Konstruktion und Entwicklung (m\/w\/d) - Herausforderung im Entwicklungsbereich eines international agierenden Maschinenbauunternehmens<\/td><td>Raum Stuttgart<\/td><td><a href=https:\/\/www.allmannpb.de\/anzeigen\/1124051.html target=_blank>Details<\/a><\/td><\/tr><tr ><td>Leitung Niederlassung Mainz - H\u00e4tten Sie Spa\u00df daran den n\u00e4chsten Schritt in Ihrer Karriere zu gehen und eine der Filialen von Europas Nr. 1 im Baumaschinenvermietungsgesch\u00e4ft zu managen?<\/td><td>Mainz<\/td><td><a href=https:\/\/www.allmannpb.de\/anzeigen\/1124050_Leitung_Niederlassung_Mainz.html target=_blank>Details<\/a><\/td><\/tr><tr style=\"background-color:#efefef;\"><td>Leitung Arbeits- und Brandschutz (m\/w\/d) - attraktiv ausgestattete F\u00fchrungsposition bei einem der gr\u00f6\u00dften Strom- und W\u00e4rmekraftwerke Deutschlands<\/td><td>68199 Mannheim<\/td><td><a href=https:\/\/www.allmannpb.de\/anzeigen\/0824045.html target=_blank>Details<\/a><\/td><\/tr><tr ><td>Technischer Redakteur (m\/w\/d) - Non-Automotive: Maschinenbauer bietet sichere und familiengerechte Aufgabe<\/td><td>74343 Sachsenheim mit hybrider Home-Office-Option<\/td><td><a href=https:\/\/www.allmannpb.de\/anzeigen\/0424022.html target=_blank>Details<\/a><\/td><\/tr><tr style=\"background-color:#efefef;\"><td>Servicetechniker im Au\u00dfendienst Baden-W\u00fcrttemberg (m\/w\/d) - Keine \u00dcbernachtungstouren: F\u00fchrender Mittelst\u00e4ndler bietet interessantes Gehaltspaket und sichere Arbeitsplatzperspektive (Non-Automotive)<\/td><td>Home-Office Baden-W\u00fcrttemberg<\/td><td><a href=https:\/\/www.allmannpb.de\/anzeigen\/0424023.html target=_blank>Details<\/a><\/td><\/tr><tr ><td>Vertriebsleitung \/ Business Development Nord - H\u00e4tten Sie \u2013 egal ob Sie heute bereits F\u00fchrungsverantwortung haben \u2013 Spa\u00df daran, das Wachstum eines der f\u00fchrenden Modulraum-Anbieters voranzutreiben?<\/td><td>21258 Heidenau \/ Niedersachsen<\/td><td><a href=https:\/\/www.allmannpb.de\/anzeigen\/0324018.html target=_blank>Details<\/a><\/td><\/tr><\/table><\/span><\/p>\n<p>[\/et_pb_text][\/et_pb_column][\/et_pb_row][\/et_pb_section]<\/p>\n","protected":false},"excerpt":{"rendered":"<p>[et_pb_section fb_built=&#8220;1&#8243; _builder_version=&#8220;4.9.7&#8243; _module_preset=&#8220;default&#8220;][et_pb_row _builder_version=&#8220;4.9.7&#8243; _module_preset=&#8220;default&#8220;][et_pb_column type=&#8220;4_4&#8243; _builder_version=&#8220;4.9.7&#8243; _module_preset=&#8220;default&#8220;][et_pb_text _builder_version=&#8220;4.9.7&#8243; _module_preset=&#8220;default&#8220; header_font=&#8220;|||on|||||&#8220; header_font_size=&#8220;48px&#8220; header_line_height=&#8220;1.4em&#8220; header_2_font=&#8220;|||on|||||&#8220; header_2_text_align=&#8220;center&#8220; header_2_line_height=&#8220;3em&#8220; custom_padding=&#8220;0px|||||&#8220;] Stellenangebote &nbsp; [\/et_pb_text][\/et_pb_column][\/et_pb_row][et_pb_row _builder_version=&#8220;4.9.7&#8243; _module_preset=&#8220;default&#8220;][et_pb_column type=&#8220;4_4&#8243; _builder_version=&#8220;4.9.7&#8243; _module_preset=&#8220;default&#8220;][et_pb_text _builder_version=&#8220;4.9.7&#8243; _module_preset=&#8220;default&#8220;] [\/et_pb_text][\/et_pb_column][\/et_pb_row][\/et_pb_section]<\/p>\n","protected":false},"author":1,"featured_media":0,"parent":0,"menu_order":0,"comment_status":"closed","ping_status":"closed","template":"","meta":{"_et_pb_use_builder":"on","_et_pb_old_content":"","_et_gb_content_width":""},"_links":{"self":[{"href":"https:\/\/allmannat.sven-halle.de\/index.php?rest_route=\/wp\/v2\/pages\/131"}],"collection":[{"href":"https:\/\/allmannat.sven-halle.de\/index.php?rest_route=\/wp\/v2\/pages"}],"about":[{"href":"https:\/\/allmannat.sven-halle.de\/index.php?rest_route=\/wp\/v2\/types\/page"}],"author":[{"embeddable":true,"href":"https:\/\/allmannat.sven-halle.de\/index.php?rest_route=\/wp\/v2\/users\/1"}],"replies":[{"embeddable":true,"href":"https:\/\/allmannat.sven-halle.de\/index.php?rest_route=%2Fwp%2Fv2%2Fcomments&post=131"}],"version-history":[{"count":10,"href":"https:\/\/allmannat.sven-halle.de\/index.php?rest_route=\/wp\/v2\/pages\/131\/revisions"}],"predecessor-version":[{"id":473,"href":"https:\/\/allmannat.sven-halle.de\/index.php?rest_route=\/wp\/v2\/pages\/131\/revisions\/473"}],"wp:attachment":[{"href":"https:\/\/allmannat.sven-halle.de\/index.php?rest_route=%2Fwp%2Fv2%2Fmedia&parent=131"}],"curies":[{"name":"wp","href":"https:\/\/api.w.org\/{rel}","templated":true}]}}