{"id":133,"date":"2021-06-04T17:04:40","date_gmt":"2021-06-04T17:04:40","guid":{"rendered":"https:\/\/allmannat.sven-halle.de\/?page_id=133"},"modified":"2021-07-13T10:45:57","modified_gmt":"2021-07-13T10:45:57","slug":"fuer-kandidaten","status":"publish","type":"page","link":"https:\/\/allmannat.sven-halle.de\/?page_id=133","title":{"rendered":"F\u00fcr Kandidaten"},"content":{"rendered":"<p>[et_pb_section fb_built=&#8220;1&#8243; _builder_version=&#8220;4.9.7&#8243; _module_preset=&#8220;default&#8220;][et_pb_row _builder_version=&#8220;4.9.7&#8243; _module_preset=&#8220;default&#8220;][et_pb_column type=&#8220;4_4&#8243; _builder_version=&#8220;4.9.7&#8243; _module_preset=&#8220;default&#8220;][et_pb_text _builder_version=&#8220;4.9.7&#8243; _module_preset=&#8220;default&#8220; header_font=&#8220;|||on|||||&#8220; header_font_size=&#8220;48px&#8220; header_line_height=&#8220;1.4em&#8220; header_2_font=&#8220;|||on|||||&#8220; header_2_text_align=&#8220;center&#8220; header_2_line_height=&#8220;3em&#8220; custom_padding=&#8220;0px|||||&#8220;]<\/p>\n<h1 style=\"text-align: center;\">F\u00fcr kandidateN<\/h1>\n<p>[\/et_pb_text][\/et_pb_column][\/et_pb_row][et_pb_row _builder_version=&#8220;4.9.7&#8243; _module_preset=&#8220;default&#8220;][et_pb_column type=&#8220;4_4&#8243; _builder_version=&#8220;4.9.7&#8243; _module_preset=&#8220;default&#8220;][et_pb_text _builder_version=&#8220;4.9.7&#8243; _module_preset=&#8220;default&#8220; header_font=&#8220;|||on|||||&#8220; header_font_size=&#8220;48px&#8220; header_line_height=&#8220;1.4em&#8220; header_2_font=&#8220;|||on|||||&#8220; header_2_text_align=&#8220;center&#8220; header_2_line_height=&#8220;2em&#8220; custom_padding=&#8220;0px|||||&#8220;]<\/p>\n<h2>Sie suchen aktuell oder perspektivisch <br \/>nach einer neuen Herausforderung?<\/h2>\n<p>[\/et_pb_text][\/et_pb_column][\/et_pb_row][et_pb_row _builder_version=&#8220;4.9.7&#8243; _module_preset=&#8220;default&#8220;][et_pb_column type=&#8220;4_4&#8243; _builder_version=&#8220;4.9.7&#8243; _module_preset=&#8220;default&#8220;][et_pb_text _builder_version=&#8220;4.9.7&#8243; _module_preset=&#8220;default&#8220; background_color=&#8220;#efefef&#8220; custom_padding=&#8220;60px|60px|60px|60px|true|true&#8220;]<\/p>\n<p>Sie haben aktuell keine Wechselabsichten, m\u00f6chten aber mit einem Experten des Personalmarktes Ihrer Branche unverbindlich in Kontakt treten, um entweder eine berufliche Standortbestimmung zu machen, oder weil Sie ganz allgemein nach einem \u201eSparringpartner\u201c in Karrierefragen suchen, der Ihre Sprache spricht auf dessen absolute Diskretion Sie sich verlassen k\u00f6nnen?<\/p>\n<p>In diesen und allen anderen F\u00e4llen, freuen wir uns jederzeit \u00fcber Ihre Kontaktaufnahme:<\/p>\n<p>[\/et_pb_text][\/et_pb_column][\/et_pb_row][et_pb_row _builder_version=&#8220;4.9.7&#8243; _module_preset=&#8220;default&#8220;][et_pb_column type=&#8220;4_4&#8243; _builder_version=&#8220;4.9.7&#8243; _module_preset=&#8220;default&#8220;][et_pb_text _builder_version=&#8220;4.9.7&#8243; _module_preset=&#8220;default&#8220;]<\/p>\n<h2 style=\"text-align: center;\">Der Berater f\u00fcr Ihre Branche<\/h2>\n<p>[\/et_pb_text][\/et_pb_column][\/et_pb_row][et_pb_row column_structure=&#8220;1_2,1_2&#8243; _builder_version=&#8220;4.9.7&#8243; _module_preset=&#8220;default&#8220;][et_pb_column type=&#8220;1_2&#8243; _builder_version=&#8220;4.9.7&#8243; _module_preset=&#8220;default&#8220;][et_pb_image src=&#8220;https:\/\/allmannat.sven-halle.de\/wp-content\/uploads\/2021\/07\/ja.jpg&#8220; title_text=&#8220;ja&#8220; _builder_version=&#8220;4.9.7&#8243; _module_preset=&#8220;default&#8220;][\/et_pb_image][et_pb_text _builder_version=&#8220;4.9.7&#8243; _module_preset=&#8220;default&#8220; custom_padding=&#8220;30px||30px|30px|true|false&#8220;]<\/p>\n<h4><span style=\"font-family: inherit; font-weight: normal; font-size: large;\">Dr. Joachim Allmann<\/span><\/h4>\n<p>Headhunter seit 1989 mit Fokus<br \/>1. Industrie<br \/>2. Automotive &amp; Zulieferer<br \/>3. Chemie\u00a0 \u00a0<br \/>\u00a0 \u00a0 \u00a0 \u00a0<\/p>\n<p><a href=\"http:\/\/www.xing.com\/profile\/Joachim_Allmann\"><img loading=\"lazy\" src=\"https:\/\/allmannat.sven-halle.de\/wp-content\/uploads\/2021\/07\/mail.png\" width=\"51\" height=\"43\" alt=\"\" class=\"wp-image-430 alignnone size-full\" \/><img loading=\"lazy\" src=\"https:\/\/allmannat.sven-halle.de\/wp-content\/uploads\/2021\/07\/xing-1.png\" width=\"84\" height=\"43\" alt=\"\" class=\"wp-image-431 alignnone size-full\" \/><img loading=\"lazy\" src=\"https:\/\/allmannat.sven-halle.de\/wp-content\/uploads\/2021\/07\/in.png\" width=\"91\" height=\"43\" alt=\"\" class=\"wp-image-429 alignnone size-full\" \/><\/a><\/p>\n<p>[\/et_pb_text][\/et_pb_column][et_pb_column type=&#8220;1_2&#8243; _builder_version=&#8220;4.9.7&#8243; _module_preset=&#8220;default&#8220;][et_pb_image src=&#8220;https:\/\/allmannat.sven-halle.de\/wp-content\/uploads\/2021\/07\/js-1.jpg&#8220; title_text=&#8220;js&#8220; _builder_version=&#8220;4.9.7&#8243; _module_preset=&#8220;default&#8220;][\/et_pb_image][et_pb_text _builder_version=&#8220;4.9.7&#8243; _module_preset=&#8220;default&#8220; custom_padding=&#8220;30px||30px|30px|true|false&#8220;]<\/p>\n<h4>J\u00fcrgen Seelig<\/h4>\n<p>Management seit 1986 und Headhunter<br \/>seit 2007 mit Fokus<br \/>1. Konsumg\u00fcter \/FMCG inkl. Retail<br \/>2. Pharma<br \/>3. Medizintechnik<\/p>\n<p><a href=\"http:\/\/www.xing.com\/profile\/Joachim_Allmann\"><img loading=\"lazy\" src=\"https:\/\/allmannat.sven-halle.de\/wp-content\/uploads\/2021\/07\/mail.png\" width=\"51\" height=\"43\" alt=\"\" class=\"wp-image-430 alignnone size-full\" \/><img loading=\"lazy\" src=\"https:\/\/allmannat.sven-halle.de\/wp-content\/uploads\/2021\/07\/xing-1.png\" width=\"84\" height=\"43\" alt=\"\" class=\"wp-image-431 alignnone size-full\" \/><img loading=\"lazy\" src=\"https:\/\/allmannat.sven-halle.de\/wp-content\/uploads\/2021\/07\/in.png\" width=\"91\" height=\"43\" alt=\"\" class=\"wp-image-429 alignnone size-full\" \/><\/a><\/p>\n<p>[\/et_pb_text][\/et_pb_column][\/et_pb_row][et_pb_row _builder_version=&#8220;4.9.7&#8243; _module_preset=&#8220;default&#8220; custom_margin=&#8220;120px||||false|false&#8220; hover_enabled=&#8220;0&#8243; module_id=&#8220;warum&#8220; sticky_enabled=&#8220;0&#8243;][et_pb_column type=&#8220;4_4&#8243; _builder_version=&#8220;4.9.7&#8243; _module_preset=&#8220;default&#8220;][et_pb_text _builder_version=&#8220;4.9.7&#8243; _module_preset=&#8220;default&#8220; header_font=&#8220;|||on|||||&#8220; header_font_size=&#8220;48px&#8220; header_line_height=&#8220;1.4em&#8220; header_2_font=&#8220;|||on|||||&#8220; header_2_text_align=&#8220;center&#8220; header_2_line_height=&#8220;2em&#8220; custom_padding=&#8220;0px|||||&#8220;]<\/p>\n<h2>Warum kann <strong>A&amp;A Dr. Allmann Personalberatung<\/strong> f\u00fcr Sie ein interessanter Gespr\u00e4chspartner in Karrierethemen sein?<\/h2>\n<p>[\/et_pb_text][\/et_pb_column][\/et_pb_row][et_pb_row _builder_version=&#8220;4.9.7&#8243; _module_preset=&#8220;default&#8220;][et_pb_column type=&#8220;4_4&#8243; _builder_version=&#8220;4.9.7&#8243; _module_preset=&#8220;default&#8220;][et_pb_text _builder_version=&#8220;4.9.7&#8243; _module_preset=&#8220;default&#8220; background_color=&#8220;#efefef&#8220; custom_padding=&#8220;60px|60px|60px|60px|true|true&#8220;]<\/p>\n<h4><span class='et-dropcap'>1<\/span>Wir haben langj\u00e4hrige Kontakte zu den Entscheidungstr\u00e4gern Ihrer Branche<\/h4>\n<p>Jeder von uns beiden Beratern verf\u00fcgt aus seinem Netzwerk \u00fcber viele, meist langj\u00e4hrige Kontakte zu den relevanten Entscheidungstr\u00e4gern in Ihrer Branche. Neben konkreten Mandaten, die wir zu besetzen haben, h\u00f6ren wir bereits sehr fr\u00fchzeitig und bevor eine Position offiziell neu ausgeschrieben wird, wo sich neue berufliche Chancen f\u00fcr Sie ergeben k\u00f6nnten &#8211; auch dar\u00fcber sprechen wir sehr gerne fr\u00fchzeitig mit Ihnen.<\/p>\n<p>&nbsp;<\/p>\n<h4><span class='et-dropcap'>2<\/span>Wir kennen Ihre Branche und sprechen Ihre Sprache<\/h4>\n<p>Jeder von uns beiden Beratern hat \u00fcber 30 Jahre Erfahrung in Ihrer Branche. Entsprechend gut kennen wir die Unternehmen dieser Branche, die dort handelnden Personen und entsprechenden Unternehmenskulturen. Darum k\u00f6nnen wir recht fundiert beurteilen, was f\u00fcr Sie beruflich eine echte Chance und was eher ein Risiko f\u00fcr Sie ist.<\/p>\n<p>&nbsp;<\/p>\n<h4><span class='et-dropcap'>3<\/span>Wir coachen Sie im Bewerbungsprozess &#8211; aber nicht nur dort<\/h4>\n<p>Nat\u00fcrlich bereiten wir Sie auf ein Bewerbungsgespr\u00e4ch in einem extra Briefing-Gespr\u00e4ch gr\u00fcndlich vor und moderieren den folgenden Verhandlungsprozess zwischen Ihnen und Ihrem potenziellen neuen Arbeitgeber als neutraler Mediator. Auch wenn Sie Fragen zu Ihrem pers\u00f6nlichen Bewerbungsprozess haben oder Fragen zur richtigen Strategie der Selbstdarstellung in CV und Social Media, melden Sie ich gerne f\u00fcr entsprechende Tipps bei uns.<\/p>\n<p>&nbsp;<\/p>\n<h4><span class='et-dropcap'>4<\/span>Sie k\u00f6nnen von uns Offenheit und Transparenz erwarten<\/h4>\n<p>Wir sind uns der Verantwortung gegen\u00fcber Ihnen und gegen\u00fcber Ihrer Karriere jederzeit bewusst. Diese Verantwortung hat f\u00fcr uns einen zentralen Stellenwert im Umgang mit Ihnen als Kandidat im Rahmen eines Suchauftrages. Es z\u00e4hlt zu unseren Grunds\u00e4tzen, Sie jederzeit offen und transparent \u00fcber die uns bekannten Chancen und Risiken einer Vakanz f\u00fcr Ihre Karriere zu informieren und Sie diesbez\u00fcglich partnerschaftlich zu beraten. Wir verkaufen keine Jobs, sondern beraten Sie nach bestem Wissen und Gewissen. Sind wir der Meinung, dass eine Vakanz f\u00fcr die Karriere eines potenziellen Kandidaten unvorteilhaft w\u00e4re, sprechen wir dies offen an und raten von einer \u00dcbernahme der Position ab.<\/p>\n<p>&nbsp;<\/p>\n<h4><span class='et-dropcap'>5<\/span>Wir garantieren absolute Diskretion und sind kostenfrei f\u00fcr Sie da<\/h4>\n<p>Obwohl es eine Selbstverst\u00e4ndlichkeit sein sollte, sichern wir Ihnen hier ausdr\u00fccklich zu, dass wir alle Informationen von Ihnen mit absoluter Diskretion behandeln und auch Daten von Ihnen, z.B. Ihren Lebenslauf, nur nach ausdr\u00fccklicher Genehmigung durch Sie an Kunden weiterreichen. Weiterhin m\u00f6chten wir darauf hinweisen, dass weder f\u00fcr die oben genannten Punkte noch f\u00fcr eine Vermittlung von Ihnen an einen unserer Kunden irgendwelche Kosten f\u00fcr Sie entstehen. Die Honorare f\u00fcr unsere Personalvermittlungst\u00e4tigkeit fallen ausschlie\u00dflich f\u00fcr die uns beauftragenden Unterhemen an.<\/p>\n<p>[\/et_pb_text][\/et_pb_column][\/et_pb_row][et_pb_row _builder_version=&#8220;4.9.7&#8243; _module_preset=&#8220;default&#8220;][et_pb_column type=&#8220;4_4&#8243; _builder_version=&#8220;4.9.7&#8243; _module_preset=&#8220;default&#8220;][et_pb_text _builder_version=&#8220;4.9.7&#8243; _module_preset=&#8220;default&#8220; custom_padding=&#8220;|60px||60px|false|true&#8220; custom_padding_tablet=&#8220;&#8220; custom_padding_phone=&#8220;|15px||15px|false|true&#8220; custom_padding_last_edited=&#8220;on|phone&#8220;]<\/p>\n<div data-packed=\"false\" data-vertical-text=\"false\" class=\"txtNew\" id=\"comp-kpzdmw7k6\" data-min-height=\"61\">\n<h3 class=\"font_0\"><span class=\"color_15\"><span><strong>FAZIT F\u00dcR KANDIDATEN<\/strong>: A&amp;A Dr. ALLMANN PERSONALBERATUNG BIETET DIE M\u00d6GLCHKEIT EINER LANGFRISTIGEN, INTEGREN UND VOLLKOMMEN KOSTENFREIEN KARRIEREBEGLEITUNG<\/span><\/span><\/h3>\n<\/div>\n<div data-packed=\"false\" data-vertical-text=\"false\" class=\"txtNew\" id=\"comp-kpzdmw7l\" data-min-height=\"112\">\n<p class=\"font_9\">\n<p class=\"font_9\">\n<p class=\"font_9\">\n<p class=\"font_9\">\n<p class=\"font_9\">\n<\/div>\n<p>[\/et_pb_text][et_pb_text _builder_version=&#8220;4.9.7&#8243; _module_preset=&#8220;default&#8220; custom_padding=&#8220;|60px||60px|false|true&#8220; custom_padding_tablet=&#8220;&#8220; custom_padding_phone=&#8220;|15px||15px|false|true&#8220; custom_padding_last_edited=&#8220;on|phone&#8220;]<\/p>\n<div data-packed=\"false\" data-vertical-text=\"false\" class=\"txtNew\" id=\"comp-kpzdmw7k6\" data-min-height=\"61\">\n<h3 class=\"font_0\" style=\"text-align: center;\">SIE SUCHEN DERZEIT AKTIV NACH EINER NEUEN HERUASFORDERUNG ODER M\u00d6CHTEN K\u00dcNFTIG \u00dcBER PASSENDE VAKANZEN INFORMIERT WERDEN?<\/h3>\n<\/div>\n<div data-packed=\"false\" data-vertical-text=\"false\" class=\"txtNew\" id=\"comp-kpzdmw7l\" data-min-height=\"112\">\n<p class=\"font_9\">\n<\/div>\n<p>[\/et_pb_text][et_pb_button button_url=&#8220;@ET-DC@eyJkeW5hbWljIjp0cnVlLCJjb250ZW50IjoicG9zdF9saW5rX3VybF9wYWdlIiwic2V0dGluZ3MiOnsicG9zdF9pZCI6IjUzNiJ9fQ==@&#8220; button_text=&#8220;CV hochladen und \u00fcber Vakanzen informiert werden&#8220; button_alignment=&#8220;center&#8220; _builder_version=&#8220;4.9.7&#8243; _dynamic_attributes=&#8220;button_url&#8220; _module_preset=&#8220;default&#8220; custom_button=&#8220;on&#8220; button_text_color=&#8220;#FFFFFF&#8220; button_bg_color=&#8220;#000000&#8243; button_border_radius=&#8220;0px&#8220; button_font=&#8220;Open Sans Condensed||||||||&#8220; button_use_icon=&#8220;off&#8220; custom_css_main_element=&#8220;hover=%22background-color:#000%22;||&#8220; button_bg_color__hover_enabled=&#8220;on|hover&#8220; button_bg_color__hover=&#8220;#FFFFFF&#8220; button_bg_enable_color__hover=&#8220;on&#8220; button_text_color__hover_enabled=&#8220;on|desktop&#8220; button_text_color__hover=&#8220;#000000&#8243; button_border_color__hover_enabled=&#8220;on|hover&#8220; button_border_color__hover=&#8220;#000000&#8243;][\/et_pb_button][et_pb_text _builder_version=&#8220;4.9.7&#8243; _module_preset=&#8220;default&#8220;][\/et_pb_text][et_pb_text _builder_version=&#8220;4.9.7&#8243; _module_preset=&#8220;default&#8220; custom_padding=&#8220;|60px||60px|false|true&#8220; custom_padding_tablet=&#8220;&#8220; custom_padding_phone=&#8220;|15px||15px|false|true&#8220; custom_padding_last_edited=&#8220;on|phone&#8220;]<\/p>\n<div data-packed=\"false\" data-vertical-text=\"false\" class=\"txtNew\" id=\"comp-kpzdmw7k6\" data-min-height=\"61\">\n<h3 class=\"font_0\" style=\"text-align: center;\">SIE HABEN ZUN\u00c4CHST NOCH WEITERE FRAGEN UND M\u00d6CHTEN SICH DAZU UNVERBUNDLICH MIT UNS AUSTAUSCHEN?<\/h3>\n<\/div>\n<div data-packed=\"false\" data-vertical-text=\"false\" class=\"txtNew\" id=\"comp-kpzdmw7l\" data-min-height=\"112\">\n<p class=\"font_9\">\n<\/div>\n<p>[\/et_pb_text][et_pb_button button_url=&#8220;@ET-DC@eyJkeW5hbWljIjp0cnVlLCJjb250ZW50IjoicG9zdF9saW5rX3VybF9wYWdlIiwic2V0dGluZ3MiOnsicG9zdF9pZCI6IjU0MSJ9fQ==@&#8220; button_text=&#8220;Unverbindliches Beratungsgespr\u00e4ch vereinbaren&#8220; button_alignment=&#8220;center&#8220; _builder_version=&#8220;4.9.7&#8243; _dynamic_attributes=&#8220;button_url&#8220; _module_preset=&#8220;default&#8220; custom_button=&#8220;on&#8220; button_text_color=&#8220;#000000&#8243; button_bg_color=&#8220;#FFFFFF&#8220; button_border_radius=&#8220;0px&#8220; button_font=&#8220;Open Sans Condensed||||||||&#8220; button_use_icon=&#8220;off&#8220; button_bg_color__hover_enabled=&#8220;on|hover&#8220; button_bg_color__hover=&#8220;#000000&#8243; button_bg_enable_color__hover=&#8220;on&#8220; button_text_color__hover_enabled=&#8220;on|hover&#8220; button_text_color__hover=&#8220;#FFFFFF&#8220;][\/et_pb_button][\/et_pb_column][\/et_pb_row][\/et_pb_section]<\/p>\n","protected":false},"excerpt":{"rendered":"<p>[et_pb_section fb_built=&#8220;1&#8243; _builder_version=&#8220;4.9.7&#8243; _module_preset=&#8220;default&#8220;][et_pb_row _builder_version=&#8220;4.9.7&#8243; _module_preset=&#8220;default&#8220;][et_pb_column type=&#8220;4_4&#8243; _builder_version=&#8220;4.9.7&#8243; _module_preset=&#8220;default&#8220;][et_pb_text _builder_version=&#8220;4.9.7&#8243; _module_preset=&#8220;default&#8220; header_font=&#8220;|||on|||||&#8220; header_font_size=&#8220;48px&#8220; header_line_height=&#8220;1.4em&#8220; header_2_font=&#8220;|||on|||||&#8220; header_2_text_align=&#8220;center&#8220; header_2_line_height=&#8220;3em&#8220; custom_padding=&#8220;0px|||||&#8220;] F\u00fcr kandidateN [\/et_pb_text][\/et_pb_column][\/et_pb_row][et_pb_row _builder_version=&#8220;4.9.7&#8243; _module_preset=&#8220;default&#8220;][et_pb_column type=&#8220;4_4&#8243; _builder_version=&#8220;4.9.7&#8243; _module_preset=&#8220;default&#8220;][et_pb_text _builder_version=&#8220;4.9.7&#8243; _module_preset=&#8220;default&#8220; header_font=&#8220;|||on|||||&#8220; header_font_size=&#8220;48px&#8220; header_line_height=&#8220;1.4em&#8220; header_2_font=&#8220;|||on|||||&#8220; header_2_text_align=&#8220;center&#8220; header_2_line_height=&#8220;2em&#8220; custom_padding=&#8220;0px|||||&#8220;] Sie suchen aktuell oder perspektivisch nach einer neuen Herausforderung? [\/et_pb_text][\/et_pb_column][\/et_pb_row][et_pb_row _builder_version=&#8220;4.9.7&#8243; _module_preset=&#8220;default&#8220;][et_pb_column type=&#8220;4_4&#8243; _builder_version=&#8220;4.9.7&#8243; _module_preset=&#8220;default&#8220;][et_pb_text _builder_version=&#8220;4.9.7&#8243; _module_preset=&#8220;default&#8220; background_color=&#8220;#efefef&#8220; custom_padding=&#8220;60px|60px|60px|60px|true|true&#8220;] Sie [&hellip;]<\/p>\n","protected":false},"author":1,"featured_media":0,"parent":0,"menu_order":0,"comment_status":"closed","ping_status":"closed","template":"","meta":{"_et_pb_use_builder":"on","_et_pb_old_content":"","_et_gb_content_width":""},"_links":{"self":[{"href":"https:\/\/allmannat.sven-halle.de\/index.php?rest_route=\/wp\/v2\/pages\/133"}],"collection":[{"href":"https:\/\/allmannat.sven-halle.de\/index.php?rest_route=\/wp\/v2\/pages"}],"about":[{"href":"https:\/\/allmannat.sven-halle.de\/index.php?rest_route=\/wp\/v2\/types\/page"}],"author":[{"embeddable":true,"href":"https:\/\/allmannat.sven-halle.de\/index.php?rest_route=\/wp\/v2\/users\/1"}],"replies":[{"embeddable":true,"href":"https:\/\/allmannat.sven-halle.de\/index.php?rest_route=%2Fwp%2Fv2%2Fcomments&post=133"}],"version-history":[{"count":14,"href":"https:\/\/allmannat.sven-halle.de\/index.php?rest_route=\/wp\/v2\/pages\/133\/revisions"}],"predecessor-version":[{"id":553,"href":"https:\/\/allmannat.sven-halle.de\/index.php?rest_route=\/wp\/v2\/pages\/133\/revisions\/553"}],"wp:attachment":[{"href":"https:\/\/allmannat.sven-halle.de\/index.php?rest_route=%2Fwp%2Fv2%2Fmedia&parent=133"}],"curies":[{"name":"wp","href":"https:\/\/api.w.org\/{rel}","templated":true}]}}