{"id":135,"date":"2021-06-04T17:04:54","date_gmt":"2021-06-04T17:04:54","guid":{"rendered":"https:\/\/allmannat.sven-halle.de\/?page_id=135"},"modified":"2021-07-13T10:37:41","modified_gmt":"2021-07-13T10:37:41","slug":"leistungen","status":"publish","type":"page","link":"https:\/\/allmannat.sven-halle.de\/?page_id=135","title":{"rendered":"Referenzprojekte"},"content":{"rendered":"<p>[et_pb_section fb_built=&#8220;1&#8243; _builder_version=&#8220;4.9.7&#8243; _module_preset=&#8220;default&#8220;][et_pb_row _builder_version=&#8220;4.9.7&#8243; _module_preset=&#8220;default&#8220;][et_pb_column type=&#8220;4_4&#8243; _builder_version=&#8220;4.9.7&#8243; _module_preset=&#8220;default&#8220;][et_pb_text _builder_version=&#8220;4.9.7&#8243; _module_preset=&#8220;default&#8220; header_font=&#8220;|||on|||||&#8220; header_font_size=&#8220;48px&#8220; header_line_height=&#8220;1.4em&#8220; header_2_font=&#8220;|||on|||||&#8220; header_2_text_align=&#8220;center&#8220; header_2_line_height=&#8220;3em&#8220; custom_padding=&#8220;0px|||||&#8220;]<\/p>\n<h1 style=\"text-align: center;\">Referenzprojekte<\/h1>\n<h2>Beispiele aus &gt;1.900 Projekten<\/h2>\n<p>&nbsp;<\/p>\n<p>[\/et_pb_text][\/et_pb_column][\/et_pb_row][et_pb_row _builder_version=&#8220;4.9.7&#8243; _module_preset=&#8220;default&#8220;][et_pb_column type=&#8220;4_4&#8243; _builder_version=&#8220;4.9.7&#8243; _module_preset=&#8220;default&#8220;][et_pb_text _builder_version=&#8220;4.9.7&#8243; _module_preset=&#8220;default&#8220; text_text_color=&#8220;#FFFFFF&#8220; background_color=&#8220;#0C71C3&#8243; custom_padding=&#8220;12px|24px|12px|24px|true|true&#8220;]<\/p>\n<p>Referenz Projekte Dr. Joachim Allmann Industrie, Automotive &amp; Zulieferer, Chemie<\/p>\n<p>[\/et_pb_text][\/et_pb_column][\/et_pb_row][et_pb_row _builder_version=&#8220;4.9.7&#8243; _module_preset=&#8220;default&#8220;][et_pb_column type=&#8220;4_4&#8243; _builder_version=&#8220;4.9.7&#8243; _module_preset=&#8220;default&#8220;][et_pb_text _builder_version=&#8220;4.9.7&#8243; _module_preset=&#8220;default&#8220;]<\/p>\n<table border=\"1\" style=\"border-collapse: collapse; width: 100%;\">\n<tbody>\n<tr style=\"background-color: #efefef;\">\n<td style=\"width: 14.4317%;\"><strong>Gesch\u00e4ftsf\u00fchrung \/ Executive Management<\/strong><\/td>\n<td style=\"width: 85.5683%;\">\u2022 Gesch\u00e4ftsf\u00fchrer (m\/w\/d) Mittelstand Automobilzulieferer<br \/>\u2022 Technischer Gesch\u00e4ftsf\u00fchrer (m\/w\/d) Elektrotechnik<br \/>\u2022 Gesch\u00e4ftsf\u00fchrer( m\/w\/d) deutsche Niederlassung Chemische Industrie<br \/>\u2022 Werkleiter \/ GF in spe (m\/w\/d) Hersteller Spezialbremsen<br \/>\u2022 Kaufm\u00e4nnischer Gesch\u00e4ftsf\u00fchrer (m\/w\/d) Hersteller Hydraulikanalgen<\/td>\n<\/tr>\n<tr>\n<td style=\"width: 14.4317%;\">Sales \/ Marketing \/ Key Account Management<\/td>\n<td style=\"width: 85.5683%;\">\u2022 Leiter Vertrieb (m\/w\/d) Maschinenbau<br \/>\u2022 Sales Manager (m\/w\/d) Herstellungsanalagen<br \/>\u2022 Vertriebsleitung (m\/w\/d) Hydraulikaggregate<br \/>\u2022 Vertriebsleiter National (m\/w\/d) Elektrotechnik<br \/>\u2022 Vertriebsleiter Befestigungstechnik<br \/>\u2022 Area Sales Manager Asien (m\/w\/d) Automobilzulieferer<br \/>\u2022 Area Manager America (m\/w\/d) Chemische Industrie<br \/>\u2022 Key Account Manager VW (m\/w\/d) Pr\u00fcfstandl\u00f6sungen<br \/>\u2022 Global Account Manager (m\/w\/d) Automobilzulieferer<br \/>\u2022 Pre-Sales Manager (m\/w\/d) Thermal-Solutions<br \/>\u2022 Global Productmanager (m\/w\/d) Connecting Solutions<br \/>\u2022 Gebietsverkaufsleiter (m\/w\/d) Befestigungstechnik<br \/>\u2022 Vertriebsau\u00dfendienst (m\/w(d) S\u00fcddeutschland Messtechnik<br \/>\u2022 Technischer Vertrieb (m\/w\/d) Maschinenbau<br \/>\u2022 Au\u00dfendienstmitarbeiter (m\/w\/d) Messtechnik<br \/>\u2022 New Business Development IIoT Services<\/td>\n<\/tr>\n<tr style=\"background-color: #efefef;\">\n<td style=\"width: 14.4317%;\">Entwicklung<\/td>\n<td style=\"width: 85.5683%;\">\u2022 Leiter Technik Gro\u00dfanlagenbau <br \/>\u2022 Leiter Entwicklung Elektrotechnik (m\/w\/d) <br \/>\u2022 Entwicklungsingenieur Elektronik (m\/w\/d) Automobilzulieferer <br \/>\u2022 Software-Engineer (m\/w\/d) Maschinenbau<\/td>\n<\/tr>\n<tr>\n<td style=\"width: 14.4317%;\">Projektmanagement<\/td>\n<td style=\"width: 85.5683%;\">\u2022 Head of Project Management (m\/w\/d) Maschinenbau<br \/>\u2022 Projekt Manager (m\/w\/d) Automobilzulieferer<br \/>\u2022 Projektmanagement Instandhaltung Chemische Industrie<br \/>\u2022 Projekt-\/ Ordermanagement (m\/w\/d) Anlagenbau<\/td>\n<\/tr>\n<tr style=\"background-color: #efefef;\">\n<td style=\"width: 14.4317%;\">Finance, Kfm. Verwaltung<\/td>\n<td style=\"width: 85.5683%;\">\u2022 Leiter Finance (m\/w\/d) Maschinenbau <br \/>\u2022 Beteiligungscontroller (m\/w\/d) Maschinenbau <br \/>\u2022 Projektcontroller (m\/w\/d) Automobilzulieferer <br \/>\u2022 Werkscontoller (m\/w\/d) Chemische Industrie<\/td>\n<\/tr>\n<tr>\n<td style=\"width: 14.4317%;\"><strong>Sonstiges <\/strong>(Technical Operations, IT, etc.)<\/td>\n<td style=\"width: 85.5683%;\">\u2022 Leiter Logistik \/SCM (m\/w\/d) Automobilzulieferer<br \/>\u2022 IT-Infrastruktur-Manager (m\/w\/d) Chemische Industrie<br \/>\u2022 SAP Key User (m\/w\/d) Chemische Industrie<\/td>\n<\/tr>\n<\/tbody>\n<\/table>\n<p>&nbsp;<\/p>\n<p>[\/et_pb_text][\/et_pb_column][\/et_pb_row][et_pb_row _builder_version=&#8220;4.9.7&#8243; _module_preset=&#8220;default&#8220;][et_pb_column type=&#8220;4_4&#8243; _builder_version=&#8220;4.9.7&#8243; _module_preset=&#8220;default&#8220;][et_pb_text _builder_version=&#8220;4.9.7&#8243; _module_preset=&#8220;default&#8220; text_text_color=&#8220;#FFFFFF&#8220; background_color=&#8220;#0C71C3&#8243; custom_padding=&#8220;12px|24px|12px|24px|true|true&#8220;]<\/p>\n<p>Referenz Projekte J\u00fcrgen Seelig Konsumg\u00fcter \/ FMCG, Pharma, Medizintechnik<\/p>\n<p>[\/et_pb_text][\/et_pb_column][\/et_pb_row][et_pb_row _builder_version=&#8220;4.9.7&#8243; _module_preset=&#8220;default&#8220;][et_pb_column type=&#8220;4_4&#8243; _builder_version=&#8220;4.9.7&#8243; _module_preset=&#8220;default&#8220;][et_pb_text _builder_version=&#8220;4.9.7&#8243; _module_preset=&#8220;default&#8220;]<\/p>\n<table border=\"1\" style=\"border-collapse: collapse; width: 100%;\">\n<tbody>\n<tr style=\"background-color: #efefef;\">\n<td style=\"width: 14.4317%;\"><strong>Gesch\u00e4ftsf\u00fchrung \/ Executive Management<\/strong><\/td>\n<td style=\"width: 85.5683%;\">\u2022 Vorsitzender (m\/w\/d) der Gesch\u00e4ftsf\u00fchrung Food<br \/>\u2022 Gesch\u00e4ftsf\u00fchrer (m\/w\/d) f\u00fcr internationales OTC<br \/>\u2022 Gesch\u00e4ftsf\u00fchrer (m\/w\/d) Marketing\/Vertrieb Non-Food<br \/>\u2022 Gesch\u00e4ftsf\u00fchrer (m\/w\/d) Medizintechnik<br \/>\u2022 BU-Leitung (m\/w\/d) f\u00fcr internationales Pharmaunternehmen<\/td>\n<\/tr>\n<tr>\n<td style=\"width: 14.4317%;\">Sales \/ Marketing \/ Key Account Management<\/td>\n<td style=\"width: 85.5683%;\">\u2022 Sales- &amp; Marketing-Manager (m\/w\/d) Food<br \/>\u2022 Marketingmanager (m\/w\/d) Non-Food<br \/>\u2022 Marketingleitung (m\/w\/d) Food<br \/>\u2022 Marketing-Manager E-Commerce (m\/w\/d) Non-Food<br \/>\u2022 Online Marketing Manager (m\/w\/d)<br \/>\u2022 Manager Performance-Marketing (m\/w\/d) Non-Food<br \/>\u2022 Vertriebsleiter (m\/w\/d) Food<br \/>\u2022 Sales Manager EMEA (m\/w\/d) Non-Food<br \/>\u2022 Sales Manager DACH (m\/w\/d) Pharma<br \/>\u2022 Group Product-Manager (m\/w\/d) OTC<br \/>\u2022 Brand Manager (m\/w\/d) Pharma<br \/>\u2022 Produkt Manager (m\/w\/d) Medizintechnik<br \/>\u2022 Key Account Manager (m\/w\/d) Non-Food<br \/>\u2022 Leiter Key Account Management (m\/w\/d) Food<br \/>\u2022 Nationaler Group Key Account Manager (m\/w\/d) Food<br \/>\u2022 Key Account Manager (m\/w\/d) GH<br \/>\u2022 Key Account Manager Online-Channels<br \/>\u2022 Customer Marketing Manager e-Commerce (m\/w\/d)<\/td>\n<\/tr>\n<tr style=\"background-color: #efefef;\">\n<td style=\"width: 14.4317%;\">R&amp;D<\/td>\n<td style=\"width: 85.5683%;\">\u2022 Leiter Produktentwicklung (m\/w\/d) Medizintechnik<br \/>\u2022 Manager R&amp;D (m\/w\/d) Food<br \/>\u2022 Manager Product Development (m\/w\/d) OTC<br \/>\u2022 Product Development Manager (m\/w\/d) Oral Care<br \/>\u2022 New Product Development Manager (m\/w\/d) Non-Food<\/td>\n<\/tr>\n<tr>\n<td style=\"width: 14.4317%;\">Finance, Kfm. Verwaltung<\/td>\n<td style=\"width: 85.5683%;\">\u2022 CFO (m\/w\/d) f\u00fcr mittelst\u00e4ndisches Food-Unternehmen<br \/>\u2022 Kaufm\u00e4nnischer Leiter (m\/w\/d) Medizintechnik<br \/>\u2022 Strategischer Eink\u00e4ufer (m\/w\/d) Food<br \/>\u2022 Financial Controller (m\/w\/d) Non-Food<br \/>\u2022 Finanzbuchalter (m\/w\/d) OTC<\/td>\n<\/tr>\n<tr style=\"background-color: #efefef;\">\n<td style=\"width: 14.4317%;\"><strong>Sonstiges <\/strong>(Technical Operations, IT, etc.)<\/td>\n<td style=\"width: 85.5683%;\">\u2022 Leiter Technik\/Produktion Non-Food (m\/w\/d) <br \/>\u2022 Softwareentwickler Food (m\/w\/d) <br \/>\u2022 SAP Inhouse Consultant Vertrieb (m\/w\/d)<\/td>\n<\/tr>\n<\/tbody>\n<\/table>\n<p>&nbsp;<\/p>\n<p>[\/et_pb_text][\/et_pb_column][\/et_pb_row][et_pb_row _builder_version=&#8220;4.9.7&#8243; _module_preset=&#8220;default&#8220; custom_margin=&#8220;120px||||false|false&#8220;][et_pb_column type=&#8220;4_4&#8243; _builder_version=&#8220;4.9.7&#8243; _module_preset=&#8220;default&#8220;][et_pb_text _builder_version=&#8220;4.9.7&#8243; _module_preset=&#8220;default&#8220; custom_padding=&#8220;|60px||60px|false|true&#8220; custom_padding_tablet=&#8220;&#8220; custom_padding_phone=&#8220;|15px||15px|false|true&#8220; custom_padding_last_edited=&#8220;on|phone&#8220;]<\/p>\n<div data-packed=\"false\" data-vertical-text=\"false\" class=\"txtNew\" id=\"comp-kpzdmw7k6\" data-min-height=\"61\">\n<h3 class=\"font_0\"><span class=\"color_15\"><span><strong>FAZIT<\/strong>: HERAUSRAGENDES PREIS-LEISTUNGSVERH\u00c4LTNIS<\/span><\/span><\/h3>\n<h3 class=\"font_0\"><span class=\"color_15\">TESTEN SIE UNS &#8211; OHNE JEDES RISIKO !<\/span><\/h3>\n<\/div>\n<div data-packed=\"false\" data-vertical-text=\"false\" class=\"txtNew\" id=\"comp-kpzdmw7l\" data-min-height=\"112\">\n<p class=\"font_9\"><span class=\"color_15\"><span>Die\u00a0Kombination\u00a0aus\u00a0 &gt;30 Jahren Branchen-Erfahrung, unlimitierten Suchfeldern und den deutlich unter Marktdurchschnitt rangierenden Honorars\u00e4tzen, die als Erfolgshonorare zudem auch nur nach erfolgreicher Besetzung f\u00e4llig werden, ist nach unserem Wissen\u00a0in dieser Form im deutschen Personalberatungsmarkt einzigartig\u00a0 &#8211; und f\u00fcr Sie als Auftraggeber ist damit jede Beauftragung von A&amp;A Dr. Allmann Personalberatung vollkommen risikofrei.<\/span><\/span><\/p>\n<\/div>\n<p>[\/et_pb_text][\/et_pb_column][\/et_pb_row][et_pb_row column_structure=&#8220;1_2,1_2&#8243; _builder_version=&#8220;4.9.7&#8243; _module_preset=&#8220;default&#8220; custom_margin=&#8220;60px||60px||true|false&#8220;][et_pb_column type=&#8220;1_2&#8243; _builder_version=&#8220;4.9.7&#8243; _module_preset=&#8220;default&#8220;][et_pb_button button_text=&#8220;Beratungsgespr\u00e4ch vereinbaren&#8220; button_alignment=&#8220;right&#8220; _builder_version=&#8220;4.9.7&#8243; _module_preset=&#8220;default&#8220; custom_button=&#8220;on&#8220; button_text_color=&#8220;#FFFFFF&#8220; button_bg_color=&#8220;#000000&#8243; button_border_radius=&#8220;0px&#8220; button_font=&#8220;Open Sans Condensed||||||||&#8220; button_use_icon=&#8220;off&#8220; hover_enabled=&#8220;0&#8243; custom_css_main_element=&#8220;hover=%22background-color:#000%22;||&#8220; button_bg_color__hover_enabled=&#8220;on|hover&#8220; button_bg_color__hover=&#8220;#FFFFFF&#8220; button_bg_enable_color__hover=&#8220;on&#8220; button_text_color__hover_enabled=&#8220;on|desktop&#8220; button_text_color__hover=&#8220;#000000&#8243; button_border_color__hover_enabled=&#8220;on|hover&#8220; button_border_color__hover=&#8220;#000000&#8243; button_url=&#8220;@ET-DC@eyJkeW5hbWljIjp0cnVlLCJjb250ZW50IjoicG9zdF9saW5rX3VybF9wYWdlIiwic2V0dGluZ3MiOnsicG9zdF9pZCI6IjU0MSJ9fQ==@&#8220; _dynamic_attributes=&#8220;button_url&#8220; sticky_enabled=&#8220;0&#8243;][\/et_pb_button][\/et_pb_column][et_pb_column type=&#8220;1_2&#8243; _builder_version=&#8220;4.9.7&#8243; _module_preset=&#8220;default&#8220;][et_pb_button button_text=&#8220;Vakanz hochladen und Angebot anfordern&#8220; button_alignment=&#8220;left&#8220; _builder_version=&#8220;4.9.7&#8243; _module_preset=&#8220;default&#8220; custom_button=&#8220;on&#8220; button_text_color=&#8220;#000000&#8243; button_bg_color=&#8220;#FFFFFF&#8220; button_border_radius=&#8220;0px&#8220; button_font=&#8220;Open Sans Condensed||||||||&#8220; button_use_icon=&#8220;off&#8220; hover_enabled=&#8220;0&#8243; button_bg_color__hover_enabled=&#8220;on|hover&#8220; button_bg_color__hover=&#8220;#000000&#8243; button_bg_enable_color__hover=&#8220;on&#8220; button_text_color__hover_enabled=&#8220;on|hover&#8220; button_text_color__hover=&#8220;#FFFFFF&#8220; button_url=&#8220;@ET-DC@eyJkeW5hbWljIjp0cnVlLCJjb250ZW50IjoicG9zdF9saW5rX3VybF9wYWdlIiwic2V0dGluZ3MiOnsicG9zdF9pZCI6IjUwNyJ9fQ==@&#8220; _dynamic_attributes=&#8220;button_url&#8220; sticky_enabled=&#8220;0&#8243;][\/et_pb_button][\/et_pb_column][\/et_pb_row][\/et_pb_section]<\/p>\n","protected":false},"excerpt":{"rendered":"<p>[et_pb_section fb_built=&#8220;1&#8243; _builder_version=&#8220;4.9.7&#8243; _module_preset=&#8220;default&#8220;][et_pb_row _builder_version=&#8220;4.9.7&#8243; _module_preset=&#8220;default&#8220;][et_pb_column type=&#8220;4_4&#8243; _builder_version=&#8220;4.9.7&#8243; _module_preset=&#8220;default&#8220;][et_pb_text _builder_version=&#8220;4.9.7&#8243; _module_preset=&#8220;default&#8220; header_font=&#8220;|||on|||||&#8220; header_font_size=&#8220;48px&#8220; header_line_height=&#8220;1.4em&#8220; header_2_font=&#8220;|||on|||||&#8220; header_2_text_align=&#8220;center&#8220; header_2_line_height=&#8220;3em&#8220; custom_padding=&#8220;0px|||||&#8220;] Referenzprojekte Beispiele aus &gt;1.900 Projekten &nbsp; [\/et_pb_text][\/et_pb_column][\/et_pb_row][et_pb_row _builder_version=&#8220;4.9.7&#8243; _module_preset=&#8220;default&#8220;][et_pb_column type=&#8220;4_4&#8243; _builder_version=&#8220;4.9.7&#8243; _module_preset=&#8220;default&#8220;][et_pb_text _builder_version=&#8220;4.9.7&#8243; _module_preset=&#8220;default&#8220; text_text_color=&#8220;#FFFFFF&#8220; background_color=&#8220;#0C71C3&#8243; custom_padding=&#8220;12px|24px|12px|24px|true|true&#8220;] Referenz Projekte Dr. Joachim Allmann Industrie, Automotive &amp; Zulieferer, Chemie [\/et_pb_text][\/et_pb_column][\/et_pb_row][et_pb_row _builder_version=&#8220;4.9.7&#8243; _module_preset=&#8220;default&#8220;][et_pb_column type=&#8220;4_4&#8243; _builder_version=&#8220;4.9.7&#8243; _module_preset=&#8220;default&#8220;][et_pb_text _builder_version=&#8220;4.9.7&#8243; _module_preset=&#8220;default&#8220;] Gesch\u00e4ftsf\u00fchrung \/ [&hellip;]<\/p>\n","protected":false},"author":1,"featured_media":0,"parent":0,"menu_order":0,"comment_status":"closed","ping_status":"closed","template":"","meta":{"_et_pb_use_builder":"on","_et_pb_old_content":"","_et_gb_content_width":""},"_links":{"self":[{"href":"https:\/\/allmannat.sven-halle.de\/index.php?rest_route=\/wp\/v2\/pages\/135"}],"collection":[{"href":"https:\/\/allmannat.sven-halle.de\/index.php?rest_route=\/wp\/v2\/pages"}],"about":[{"href":"https:\/\/allmannat.sven-halle.de\/index.php?rest_route=\/wp\/v2\/types\/page"}],"author":[{"embeddable":true,"href":"https:\/\/allmannat.sven-halle.de\/index.php?rest_route=\/wp\/v2\/users\/1"}],"replies":[{"embeddable":true,"href":"https:\/\/allmannat.sven-halle.de\/index.php?rest_route=%2Fwp%2Fv2%2Fcomments&post=135"}],"version-history":[{"count":8,"href":"https:\/\/allmannat.sven-halle.de\/index.php?rest_route=\/wp\/v2\/pages\/135\/revisions"}],"predecessor-version":[{"id":546,"href":"https:\/\/allmannat.sven-halle.de\/index.php?rest_route=\/wp\/v2\/pages\/135\/revisions\/546"}],"wp:attachment":[{"href":"https:\/\/allmannat.sven-halle.de\/index.php?rest_route=%2Fwp%2Fv2%2Fmedia&parent=135"}],"curies":[{"name":"wp","href":"https:\/\/api.w.org\/{rel}","templated":true}]}}