{"id":139,"date":"2021-06-04T17:05:24","date_gmt":"2021-06-04T17:05:24","guid":{"rendered":"https:\/\/allmannat.sven-halle.de\/?page_id=139"},"modified":"2021-07-13T11:17:39","modified_gmt":"2021-07-13T11:17:39","slug":"konditionen","status":"publish","type":"page","link":"https:\/\/allmannat.sven-halle.de\/?page_id=139","title":{"rendered":"Kosten \/ Erfolgshonorar"},"content":{"rendered":"<p>[et_pb_section fb_built=&#8220;1&#8243; _builder_version=&#8220;4.9.7&#8243; _module_preset=&#8220;default&#8220;][et_pb_row _builder_version=&#8220;4.9.7&#8243; _module_preset=&#8220;default&#8220;][et_pb_column type=&#8220;4_4&#8243; _builder_version=&#8220;4.9.7&#8243; _module_preset=&#8220;default&#8220;][et_pb_text _builder_version=&#8220;4.9.7&#8243; _module_preset=&#8220;default&#8220; header_font=&#8220;|||on|||||&#8220; header_font_size=&#8220;48px&#8220; header_line_height=&#8220;1.4em&#8220; header_2_font=&#8220;|||on|||||&#8220; header_2_text_align=&#8220;center&#8220; header_2_line_height=&#8220;2.1em&#8220; custom_padding=&#8220;0px|||||&#8220;]<\/p>\n<h1 style=\"text-align: center;\">Top-konditionen &amp; erfolgshonorar<\/h1>\n<h2><\/h2>\n<h2>WANN IST EIN HONORAR F\u00c4LLIG?<br \/>NUR NACH ERFOLGREICHER BESETZUNG IHRER POSITION!\u00a0<\/h2>\n<p>[\/et_pb_text][\/et_pb_column][\/et_pb_row][et_pb_row _builder_version=&#8220;4.9.7&#8243; _module_preset=&#8220;default&#8220;][et_pb_column type=&#8220;4_4&#8243; _builder_version=&#8220;4.9.7&#8243; _module_preset=&#8220;default&#8220;][et_pb_text _builder_version=&#8220;4.9.7&#8243; _module_preset=&#8220;default&#8220; background_color=&#8220;#efefef&#8220; custom_padding=&#8220;60px|60px|60px|60px|true|true&#8220;]<\/p>\n<p><strong>Ein Honorar wir nur nach erfolgreicher Besetzung Ihrer Position f\u00e4llig. Misserfolg kostet Sie keinen Cent Honorar.<\/strong><br \/>\u00dcber das Erfolgshonorar hinaus tragen Sie lediglich die gegebenenfalls anfallenden Kosten f\u00fcr eine Insertion bzw. eine Aufwandspauschale f\u00fcr Aktivit\u00e4ten wie Layoutarbeiten und Textung oder die A&amp;A Aktivsuche.<\/p>\n<p>Im Rahmen einer <a href=\"#\">Studie der Hochschule Rhein Main<\/a> wurde untersucht, ob und wie sich die Honorarmodelle auf wichtige Leistungskriterien von Personalberatungen auswirken. (Qualit\u00e4t der Kandidaten, Leistungsanreize, Dauer der Kandidatensuche und Transparenz bei der Kandidatenauswahl). Es zeigt sich, dass das 100%-Erfolgshonorar von den befragten Personalverantwortlichen bei allen Kriterien (Qualit\u00e4t der Kandidaten, Leistungsanreize, Dauer der Kandidatensuche und Transparenz bei der Kandidatenauswahl) am besten beurteilt wird.<\/p>\n<p>[\/et_pb_text][\/et_pb_column][\/et_pb_row][et_pb_row _builder_version=&#8220;4.9.7&#8243; _module_preset=&#8220;default&#8220;][et_pb_column type=&#8220;4_4&#8243; _builder_version=&#8220;4.9.7&#8243; _module_preset=&#8220;default&#8220;][et_pb_text _builder_version=&#8220;4.9.7&#8243; _module_preset=&#8220;default&#8220; header_2_line_height=&#8220;2em&#8220;]<\/p>\n<h2 style=\"text-align: center;\">WIE HOCH IST DAS ERFOLGS-HONORAR? <br \/>15 \u2013 20% VOM ZIELEINKOMMEN UND DAMIT DEUTLICH <br \/>UNTER DEN \u00dcBLICHEN MARKTPREISEN<\/h2>\n<p>[\/et_pb_text][\/et_pb_column][\/et_pb_row][et_pb_row _builder_version=&#8220;4.9.7&#8243; _module_preset=&#8220;default&#8220;][et_pb_column type=&#8220;4_4&#8243; _builder_version=&#8220;4.9.7&#8243; _module_preset=&#8220;default&#8220;][et_pb_text _builder_version=&#8220;4.9.7&#8243; _module_preset=&#8220;default&#8220; background_color=&#8220;#efefef&#8220; custom_padding=&#8220;60px|60px|60px|60px|true|true&#8220; hover_enabled=&#8220;0&#8243; sticky_enabled=&#8220;0&#8243;]<\/p>\n<p><strong>Die Honorars\u00e4tze liegen, abh\u00e4ngig vom Schwierigkeitsgrad, zwischen 15 \u2013 20 % des Jahres-Zieleinkommens und damit deutlich unterhalb der \u00fcblichen Honorare im deutschen Personalberatungsmarkt.<br \/><\/strong><br \/>Nach einer <a href=\"#\">Studie des BDU aus dem Jahr 2018<\/a> liegt die durchschnittliche Honorarh\u00f6he von Personalberatungen in Deutschland bei 26 % des Jahres-Zieleinkommens der zu besetzenden Position:<\/p>\n<p>&nbsp;<\/p>\n<table border=\"0\" style=\"height: 110px; width: 100%;\">\n<tbody>\n<tr style=\"height: 87px;\">\n<td style=\"width: 16.6667%; height: 87px; text-align: center;\">Durchschnittliche Honorarh\u00f6he<br \/>(in % des Zieleinkommens)<\/td>\n<td style=\"width: 16.6667%; height: 87px; text-align: center;\">Kleine Personalberatungen<\/td>\n<td style=\"width: 16.6667%; height: 87px; text-align: center;\">Mittlere Personalberatungen<\/td>\n<td style=\"width: 16.6667%; height: 87px; text-align: center;\">Gro\u00dfe Personalberatungen<\/td>\n<td style=\"width: 16.6667%; height: 87px; text-align: center;\">Gesamtmarkt<\/td>\n<td style=\"width: 16.6667%; height: 87px; text-align: center;\">A&amp;A Dr. Allmann Personalberatung<\/td>\n<\/tr>\n<tr style=\"height: 23px;\">\n<td style=\"width: 16.6667%; height: 23px; text-align: center;\"><strong>Durchschnitt <\/strong><\/td>\n<td style=\"width: 16.6667%; height: 23px; text-align: center;\">24,3%<\/td>\n<td style=\"width: 16.6667%; height: 23px; text-align: center;\">25,4 %<\/td>\n<td style=\"width: 16.6667%; height: 23px; text-align: center;\">28,2 %<\/td>\n<td style=\"width: 16.6667%; height: 23px; text-align: center;\"><strong>\u00a026,0 %<\/strong><\/td>\n<td style=\"width: 16.6667%; height: 23px; text-align: center;\"><strong>15 \u2013 20%<\/strong><\/td>\n<\/tr>\n<\/tbody>\n<\/table>\n<p>[\/et_pb_text][\/et_pb_column][\/et_pb_row][et_pb_row _builder_version=&#8220;4.9.7&#8243; _module_preset=&#8220;default&#8220;][et_pb_column type=&#8220;4_4&#8243; _builder_version=&#8220;4.9.7&#8243; _module_preset=&#8220;default&#8220;][et_pb_text _builder_version=&#8220;4.9.7&#8243; _module_preset=&#8220;default&#8220; header_2_line_height=&#8220;1.7em&#8220;]<\/p>\n<h2 style=\"text-align: center;\">KANN DAS ERFOLGSHONOR AUCH ALS FESTPREIS VEREINBART WERDEN?<\/h2>\n<h2 style=\"text-align: center;\">JA, SELBSTVERST\u00c4NDLCH \u2013 SOMIT BESTEHT KOSTENTRANSPARENZ<br \/>UND BUDGETSICHERHEIT<\/h2>\n<p>[\/et_pb_text][\/et_pb_column][\/et_pb_row][et_pb_row _builder_version=&#8220;4.9.7&#8243; _module_preset=&#8220;default&#8220;][et_pb_column type=&#8220;4_4&#8243; _builder_version=&#8220;4.9.7&#8243; _module_preset=&#8220;default&#8220;][et_pb_text _builder_version=&#8220;4.9.7&#8243; _module_preset=&#8220;default&#8220; background_color=&#8220;#efefef&#8220; custom_padding=&#8220;60px|60px|60px|60px|true|true&#8220;]<\/p>\n<p>Mit vielen unserer Kunden vereinbaren wir die H\u00f6he des Erfolgshonorars, das erst nach erfolgreicher Besetzung Ihrer Position f\u00e4llig wird, bereits vor Projektbeginn als fixen Festpreis, so dass f\u00fcr unsere Kunden von Beginn an absolute Kostentransparenz und Budgetsicherheit besteht.<\/p>\n<p>[\/et_pb_text][\/et_pb_column][\/et_pb_row][et_pb_row _builder_version=&#8220;4.9.7&#8243; _module_preset=&#8220;default&#8220;][et_pb_column type=&#8220;4_4&#8243; _builder_version=&#8220;4.9.7&#8243; _module_preset=&#8220;default&#8220;][et_pb_text _builder_version=&#8220;4.9.7&#8243; _module_preset=&#8220;default&#8220; custom_padding=&#8220;|60px||60px|false|true&#8220; custom_padding_tablet=&#8220;&#8220; custom_padding_phone=&#8220;|15px||15px|false|true&#8220; custom_padding_last_edited=&#8220;on|phone&#8220;]<\/p>\n<div data-packed=\"false\" data-vertical-text=\"false\" class=\"txtNew\" id=\"comp-kpzdmw7k6\" data-min-height=\"61\">\n<h3 class=\"font_0\"><span class=\"color_15\"><span><strong>FAZIT F\u00dcR AUFTRAGGEBER<\/strong>: KEIN RISIKO &amp; HERAUSRAGENDES PREIS-LEISTUNGSVERH\u00c4LTNIS BEI BEAUTFTRAGUNG VON A&amp;A Dr. ALLMANN PERSONALBERATUNG<\/span><\/span><\/h3>\n<\/div>\n<div data-packed=\"false\" data-vertical-text=\"false\" class=\"txtNew\" id=\"comp-kpzdmw7l\" data-min-height=\"112\">\n<p class=\"font_9\">Die Kombination aus hochprofessioneller Personalsuche durch Headhunting Experten mit &gt;30 Jahren Erfahrung in Ihrer Branche und den deutlich unter Marktdurchschnitt rangierenden Honorars\u00e4tzen, die als Erfolgshonorare nur nach erfolgreicher Besetzung f\u00e4llig werden, ist nach unserem Wissen im deutschen Personalberatungsmarkt einzigartig.<\/p>\n<p class=\"font_9\">\n<p class=\"font_9\">\n<p class=\"font_9\">\n<p class=\"font_9\">\n<p class=\"font_9\">\n<p class=\"font_9\">\n<p class=\"font_9\">\n<p class=\"font_9\">\n<\/div>\n<p>[\/et_pb_text][et_pb_text _builder_version=&#8220;4.9.7&#8243; _module_preset=&#8220;default&#8220; custom_padding=&#8220;|60px||60px|false|true&#8220; custom_padding_tablet=&#8220;&#8220; custom_padding_phone=&#8220;|15px||15px|false|true&#8220; custom_padding_last_edited=&#8220;on|phone&#8220;]<\/p>\n<div data-packed=\"false\" data-vertical-text=\"false\" class=\"txtNew\" id=\"comp-kpzdmw7k6\" data-min-height=\"61\">\n<h3 class=\"font_0\" style=\"text-align: center;\">SIE HABEN DERZEIT EINE \u201eSCHWIERIGE\u201c VAKANZ ZU BESETZEN UND M\u00d6CHTEN WISSEN WAS DA FINANZIELL KONKRET AUF SIE ZUKOMMT UND WIE WIR VORGEHEN W\u00dcRDEN?<\/h3>\n<\/div>\n<div data-packed=\"false\" data-vertical-text=\"false\" class=\"txtNew\" id=\"comp-kpzdmw7l\" data-min-height=\"112\">\n<p class=\"font_9\">\n<\/div>\n<p>[\/et_pb_text][et_pb_button button_url=&#8220;@ET-DC@eyJkeW5hbWljIjp0cnVlLCJjb250ZW50IjoicG9zdF9saW5rX3VybF9wYWdlIiwic2V0dGluZ3MiOnsicG9zdF9pZCI6IjU0MSJ9fQ==@&#8220; button_text=&#8220;Beratungsgespr\u00e4ch vereinbaren&#8220; button_alignment=&#8220;center&#8220; _builder_version=&#8220;4.9.7&#8243; _dynamic_attributes=&#8220;button_url&#8220; _module_preset=&#8220;default&#8220; custom_button=&#8220;on&#8220; button_text_color=&#8220;#FFFFFF&#8220; button_bg_color=&#8220;#000000&#8243; button_border_radius=&#8220;0px&#8220; button_font=&#8220;Open Sans Condensed||||||||&#8220; button_use_icon=&#8220;off&#8220; custom_css_main_element=&#8220;hover=%22background-color:#000%22;||&#8220; button_bg_color__hover_enabled=&#8220;on|hover&#8220; button_bg_color__hover=&#8220;#FFFFFF&#8220; button_bg_enable_color__hover=&#8220;on&#8220; button_text_color__hover_enabled=&#8220;on|desktop&#8220; button_text_color__hover=&#8220;#000000&#8243; button_border_color__hover_enabled=&#8220;on|hover&#8220; button_border_color__hover=&#8220;#000000&#8243;][\/et_pb_button][et_pb_text _builder_version=&#8220;4.9.7&#8243; _module_preset=&#8220;default&#8220;]<\/p>\n<p>&nbsp;<\/p>\n<p>&nbsp;<\/p>\n<p>&nbsp;<\/p>\n<p>&nbsp;<\/p>\n<p>[\/et_pb_text][et_pb_text _builder_version=&#8220;4.9.7&#8243; _module_preset=&#8220;default&#8220; custom_padding=&#8220;|60px||60px|false|true&#8220; custom_padding_tablet=&#8220;&#8220; custom_padding_phone=&#8220;|15px||15px|false|true&#8220; custom_padding_last_edited=&#8220;on|phone&#8220;]<\/p>\n<div data-packed=\"false\" data-vertical-text=\"false\" class=\"txtNew\" id=\"comp-kpzdmw7k6\" data-min-height=\"61\">\n<h3 class=\"font_0\" style=\"text-align: center;\">SIE HABEN ZUN\u00c4CHST NOCH WEITERE FRAGEN UND M\u00d6CHTEN SICH DAZU UNVERBINDLICH MIT UNS AUSTAUSCHEN?<\/h3>\n<\/div>\n<div data-packed=\"false\" data-vertical-text=\"false\" class=\"txtNew\" id=\"comp-kpzdmw7l\" data-min-height=\"112\">\n<p class=\"font_9\">\n<\/div>\n<p>[\/et_pb_text][et_pb_button button_url=&#8220;@ET-DC@eyJkeW5hbWljIjp0cnVlLCJjb250ZW50IjoicG9zdF9saW5rX3VybF9wYWdlIiwic2V0dGluZ3MiOnsicG9zdF9pZCI6IjUwNyJ9fQ==@&#8220; button_text=&#8220;Vakanz hochladen und Angebot anfordern&#8220; button_alignment=&#8220;center&#8220; _builder_version=&#8220;4.9.7&#8243; _dynamic_attributes=&#8220;button_url&#8220; _module_preset=&#8220;default&#8220; custom_button=&#8220;on&#8220; button_text_color=&#8220;#000000&#8243; button_bg_color=&#8220;#FFFFFF&#8220; button_border_radius=&#8220;0px&#8220; button_font=&#8220;Open Sans Condensed||||||||&#8220; button_use_icon=&#8220;off&#8220; button_bg_color__hover_enabled=&#8220;on|hover&#8220; button_bg_color__hover=&#8220;#000000&#8243; button_bg_enable_color__hover=&#8220;on&#8220; button_text_color__hover_enabled=&#8220;on|hover&#8220; button_text_color__hover=&#8220;#FFFFFF&#8220;][\/et_pb_button][\/et_pb_column][\/et_pb_row][et_pb_row column_structure=&#8220;1_2,1_2&#8243; _builder_version=&#8220;4.9.7&#8243; _module_preset=&#8220;default&#8220; custom_margin=&#8220;60px||60px||true|false&#8220;][et_pb_column type=&#8220;1_2&#8243; _builder_version=&#8220;4.9.7&#8243; _module_preset=&#8220;default&#8220;][\/et_pb_column][et_pb_column type=&#8220;1_2&#8243; _builder_version=&#8220;4.9.7&#8243; _module_preset=&#8220;default&#8220;][\/et_pb_column][\/et_pb_row][\/et_pb_section]<\/p>\n","protected":false},"excerpt":{"rendered":"<p>[et_pb_section fb_built=&#8220;1&#8243; _builder_version=&#8220;4.9.7&#8243; _module_preset=&#8220;default&#8220;][et_pb_row _builder_version=&#8220;4.9.7&#8243; _module_preset=&#8220;default&#8220;][et_pb_column type=&#8220;4_4&#8243; _builder_version=&#8220;4.9.7&#8243; _module_preset=&#8220;default&#8220;][et_pb_text _builder_version=&#8220;4.9.7&#8243; _module_preset=&#8220;default&#8220; header_font=&#8220;|||on|||||&#8220; header_font_size=&#8220;48px&#8220; header_line_height=&#8220;1.4em&#8220; header_2_font=&#8220;|||on|||||&#8220; header_2_text_align=&#8220;center&#8220; header_2_line_height=&#8220;2.1em&#8220; custom_padding=&#8220;0px|||||&#8220;] Top-konditionen &amp; erfolgshonorar WANN IST EIN HONORAR F\u00c4LLIG?NUR NACH ERFOLGREICHER BESETZUNG IHRER POSITION!\u00a0 [\/et_pb_text][\/et_pb_column][\/et_pb_row][et_pb_row _builder_version=&#8220;4.9.7&#8243; _module_preset=&#8220;default&#8220;][et_pb_column type=&#8220;4_4&#8243; _builder_version=&#8220;4.9.7&#8243; _module_preset=&#8220;default&#8220;][et_pb_text _builder_version=&#8220;4.9.7&#8243; _module_preset=&#8220;default&#8220; background_color=&#8220;#efefef&#8220; custom_padding=&#8220;60px|60px|60px|60px|true|true&#8220;] Ein Honorar wir nur nach erfolgreicher Besetzung Ihrer Position f\u00e4llig. Misserfolg kostet Sie keinen [&hellip;]<\/p>\n","protected":false},"author":1,"featured_media":0,"parent":0,"menu_order":0,"comment_status":"closed","ping_status":"closed","template":"","meta":{"_et_pb_use_builder":"on","_et_pb_old_content":"","_et_gb_content_width":""},"_links":{"self":[{"href":"https:\/\/allmannat.sven-halle.de\/index.php?rest_route=\/wp\/v2\/pages\/139"}],"collection":[{"href":"https:\/\/allmannat.sven-halle.de\/index.php?rest_route=\/wp\/v2\/pages"}],"about":[{"href":"https:\/\/allmannat.sven-halle.de\/index.php?rest_route=\/wp\/v2\/types\/page"}],"author":[{"embeddable":true,"href":"https:\/\/allmannat.sven-halle.de\/index.php?rest_route=\/wp\/v2\/users\/1"}],"replies":[{"embeddable":true,"href":"https:\/\/allmannat.sven-halle.de\/index.php?rest_route=%2Fwp%2Fv2%2Fcomments&post=139"}],"version-history":[{"count":7,"href":"https:\/\/allmannat.sven-halle.de\/index.php?rest_route=\/wp\/v2\/pages\/139\/revisions"}],"predecessor-version":[{"id":559,"href":"https:\/\/allmannat.sven-halle.de\/index.php?rest_route=\/wp\/v2\/pages\/139\/revisions\/559"}],"wp:attachment":[{"href":"https:\/\/allmannat.sven-halle.de\/index.php?rest_route=%2Fwp%2Fv2%2Fmedia&parent=139"}],"curies":[{"name":"wp","href":"https:\/\/api.w.org\/{rel}","templated":true}]}}