{"id":141,"date":"2021-06-04T17:05:40","date_gmt":"2021-06-04T17:05:40","guid":{"rendered":"https:\/\/allmannat.sven-halle.de\/?page_id=141"},"modified":"2021-07-13T10:44:41","modified_gmt":"2021-07-13T10:44:41","slug":"schwerpunkte","status":"publish","type":"page","link":"https:\/\/allmannat.sven-halle.de\/?page_id=141","title":{"rendered":"Branchen &#038; Berater"},"content":{"rendered":"<p>[et_pb_section fb_built=&#8220;1&#8243; _builder_version=&#8220;4.9.7&#8243; _module_preset=&#8220;default&#8220;][et_pb_row _builder_version=&#8220;4.9.7&#8243; _module_preset=&#8220;default&#8220;][et_pb_column type=&#8220;4_4&#8243; _builder_version=&#8220;4.9.7&#8243; _module_preset=&#8220;default&#8220;][et_pb_text _builder_version=&#8220;4.9.7&#8243; _module_preset=&#8220;default&#8220; header_font=&#8220;|||on|||||&#8220; header_font_size=&#8220;48px&#8220; header_line_height=&#8220;1.4em&#8220; header_2_font=&#8220;|||on|||||&#8220; header_2_text_align=&#8220;center&#8220; header_2_line_height=&#8220;3em&#8220; custom_padding=&#8220;0px|||||&#8220;]<\/p>\n<h1 style=\"text-align: center;\">Branchenexpertise<\/h1>\n<h2>Der Berater f\u00fcr Ihre Branche<\/h2>\n<p>Wir verstehen uns nicht als \u201eAllesk\u00f6nner\u201c, sondern als 2 Headhunting-Spezialisten, die sich ganz bewusst auf unterschiedliche Branchen, zwischen denen m\u00f6glichst wenig \u00dcberschneidungen bestehen, spezialisiert haben. Unser Ziel f\u00fcr Ihren Besetzungserfolg ist es, dass jeder von uns in seinen 3 Branchen f\u00fcr jedes Mandat ein vollkommenes freies \u201eJagdfeld\u201c f\u00fcr die Kandidatensuche hat \u2013 ein unsch\u00e4tzbarer Vorteil gegen\u00fcber den gr\u00f6\u00dferen Personalberatungsunternehmen, in denen mehrere Berater \u2013 schlimmstenfalls Berater mit identischem Branchenfokus &#8211; um die gleichen Kandidaten einer Branche konkurrieren!<\/p>\n<p>Wir kennen beide \u201eunsere\u201c Branchen seit \u00fcber 30 Jahren und aus \u00fcber 1.900 Projekten. Nat\u00fcrlich hat dadurch jeder von uns ein vermutlich fast einzigartiges Netzwerk aufgebaut. Damit ist es uns m\u00f6glich, in jedem neuen Projekt, schnell einen fundierten \u00dcberblick \u00fcber die wechselbereiten Kandidaten zu gewinnen, diese auf Augenh\u00f6he anzusprechen und f\u00fcr eine neue Aufgabe zu motivieren.<\/p>\n<p>[\/et_pb_text][\/et_pb_column][\/et_pb_row][et_pb_row column_structure=&#8220;1_2,1_2&#8243; _builder_version=&#8220;4.9.7&#8243; _module_preset=&#8220;default&#8220;][et_pb_column type=&#8220;1_2&#8243; _builder_version=&#8220;4.9.7&#8243; _module_preset=&#8220;default&#8220;][et_pb_image src=&#8220;https:\/\/allmannat.sven-halle.de\/wp-content\/uploads\/2021\/07\/ja.jpg&#8220; title_text=&#8220;ja&#8220; _builder_version=&#8220;4.9.7&#8243; _module_preset=&#8220;default&#8220;][\/et_pb_image][et_pb_text _builder_version=&#8220;4.9.7&#8243; _module_preset=&#8220;default&#8220; custom_padding=&#8220;30px||30px|30px|true|false&#8220;]<\/p>\n<h4><span style=\"font-family: inherit; font-weight: normal; font-size: large;\">Dr. Joachim Allmann<\/span><\/h4>\n<p>Headhunter seit 1989 mit Fokus<br \/>1. Industrie<br \/>2. Automotive &amp; Zulieferer<br \/>3. Chemie<br \/>\u00a0 \u00a0 \u00a0<\/p>\n<p><a href=\"http:\/\/www.xing.com\/profile\/Joachim_Allmann\"><img loading=\"lazy\" src=\"https:\/\/allmannat.sven-halle.de\/wp-content\/uploads\/2021\/07\/mail.png\" width=\"51\" height=\"43\" alt=\"\" class=\"wp-image-430 alignnone size-full\" \/><img loading=\"lazy\" src=\"https:\/\/allmannat.sven-halle.de\/wp-content\/uploads\/2021\/07\/xing-1.png\" width=\"84\" height=\"43\" alt=\"\" class=\"wp-image-431 alignnone size-full\" \/><img loading=\"lazy\" src=\"https:\/\/allmannat.sven-halle.de\/wp-content\/uploads\/2021\/07\/in.png\" width=\"91\" height=\"43\" alt=\"\" class=\"wp-image-429 alignnone size-full\" \/><\/a><\/p>\n<p>[\/et_pb_text][\/et_pb_column][et_pb_column type=&#8220;1_2&#8243; _builder_version=&#8220;4.9.7&#8243; _module_preset=&#8220;default&#8220;][et_pb_image src=&#8220;https:\/\/allmannat.sven-halle.de\/wp-content\/uploads\/2021\/07\/js-1.jpg&#8220; title_text=&#8220;js&#8220; _builder_version=&#8220;4.9.7&#8243; _module_preset=&#8220;default&#8220;][\/et_pb_image][et_pb_text _builder_version=&#8220;4.9.7&#8243; _module_preset=&#8220;default&#8220; custom_padding=&#8220;30px||30px|30px|true|false&#8220;]<\/p>\n<h4>J\u00fcrgen Seelig<\/h4>\n<p>Management seit 1986 und Headhunter<br \/>seit 2007 mit Fokus<br \/>1. Konsumg\u00fcter \/FMCG inkl. Retail<br \/>2. Pharma<br \/>3. Medizintechnik<\/p>\n<p><a href=\"http:\/\/www.xing.com\/profile\/Joachim_Allmann\"><img loading=\"lazy\" src=\"https:\/\/allmannat.sven-halle.de\/wp-content\/uploads\/2021\/07\/mail.png\" width=\"51\" height=\"43\" alt=\"\" class=\"wp-image-430 alignnone size-full\" \/><img loading=\"lazy\" src=\"https:\/\/allmannat.sven-halle.de\/wp-content\/uploads\/2021\/07\/xing-1.png\" width=\"84\" height=\"43\" alt=\"\" class=\"wp-image-431 alignnone size-full\" \/><img loading=\"lazy\" src=\"https:\/\/allmannat.sven-halle.de\/wp-content\/uploads\/2021\/07\/in.png\" width=\"91\" height=\"43\" alt=\"\" class=\"wp-image-429 alignnone size-full\" \/><\/a><\/p>\n<p>[\/et_pb_text][\/et_pb_column][\/et_pb_row][et_pb_row _builder_version=&#8220;4.9.7&#8243; _module_preset=&#8220;default&#8220; custom_margin=&#8220;120px||||false|false&#8220; hover_enabled=&#8220;0&#8243; module_id=&#8220;besetzungsschwerpunkte&#8220; sticky_enabled=&#8220;0&#8243;][et_pb_column type=&#8220;4_4&#8243; _builder_version=&#8220;4.9.7&#8243; _module_preset=&#8220;default&#8220;][et_pb_text _builder_version=&#8220;4.9.7&#8243; _module_preset=&#8220;default&#8220; header_font=&#8220;|||on|||||&#8220; header_font_size=&#8220;48px&#8220; header_line_height=&#8220;1.4em&#8220; header_2_font=&#8220;|||on|||||&#8220; header_2_text_align=&#8220;center&#8220; header_2_line_height=&#8220;3em&#8220; custom_padding=&#8220;0px|||||&#8220;]<\/p>\n<h1 style=\"text-align: center;\">Besetzungsschwerpunkte<\/h1>\n<p>&nbsp;<\/p>\n<p>Jeder von uns Beratern ist auf 3 Branchen spezialisiert. Innerhalb unserer Branchen sehen wir uns aufgrund unserer langj\u00e4hrigen Erfahrung in der Lage grunds\u00e4tzlich alle relevanten Funktionsbereiche auf allen Hierarchieebenen erfolgreich zu besetzen. Unsere Erfahrung reichen von Gesch\u00e4ftsf\u00fchrungspositionen \u00fcber Vertriebs- und Marketingpositionen bis hin zu Sachbearbeitungspositionen in Einkauf oder Rechnungswesen.<br \/>Allerding hat sich im Lauf der Jahre &#8211; neben dem Bereich der Gesch\u00e4ftsf\u00fchrungspositionen &#8211; ein gewisser Schwerpunkt und damit auch ein besonderes Ma\u00df an Expertise im Bereich der Vertriebs- und Marketingpositionen herausgebildet:<\/p>\n<p>[\/et_pb_text][\/et_pb_column][\/et_pb_row][et_pb_row column_structure=&#8220;1_2,1_2&#8243; _builder_version=&#8220;4.9.7&#8243; _module_preset=&#8220;default&#8220;][et_pb_column type=&#8220;1_2&#8243; _builder_version=&#8220;4.9.7&#8243; _module_preset=&#8220;default&#8220;][et_pb_image src=&#8220;https:\/\/allmannat.sven-halle.de\/wp-content\/uploads\/2021\/07\/schwerpunkte_ja.png&#8220; title_text=&#8220;schwerpunkte_ja&#8220; _builder_version=&#8220;4.9.7&#8243; _module_preset=&#8220;default&#8220;][\/et_pb_image][\/et_pb_column][et_pb_column type=&#8220;1_2&#8243; _builder_version=&#8220;4.9.7&#8243; _module_preset=&#8220;default&#8220;][et_pb_image src=&#8220;https:\/\/allmannat.sven-halle.de\/wp-content\/uploads\/2021\/07\/schwerpunkte_js-1.png&#8220; title_text=&#8220;schwerpunkte_js&#8220; _builder_version=&#8220;4.9.7&#8243; _module_preset=&#8220;default&#8220;][\/et_pb_image][\/et_pb_column][\/et_pb_row][et_pb_row _builder_version=&#8220;4.9.7&#8243; _module_preset=&#8220;default&#8220; custom_margin=&#8220;120px||||false|false&#8220;][et_pb_column type=&#8220;4_4&#8243; _builder_version=&#8220;4.9.7&#8243; _module_preset=&#8220;default&#8220;][et_pb_text _builder_version=&#8220;4.9.7&#8243; _module_preset=&#8220;default&#8220; custom_padding=&#8220;|60px||60px|false|true&#8220; custom_padding_tablet=&#8220;&#8220; custom_padding_phone=&#8220;|15px||15px|false|true&#8220; custom_padding_last_edited=&#8220;on|phone&#8220;]<\/p>\n<div data-packed=\"false\" data-vertical-text=\"false\" class=\"txtNew\" id=\"comp-kpzdmw7k6\" data-min-height=\"61\">\n<h3 class=\"font_0\"><span class=\"color_15\"><span><strong>FAZIT<\/strong>: HERAUSRAGENDES PREIS-LEISTUNGSVERH\u00c4LTNIS<\/span><\/span><\/h3>\n<h3 class=\"font_0\"><span class=\"color_15\">TESTEN SIE UNS &#8211; OHNE JEDES RISIKO !<\/span><\/h3>\n<\/div>\n<div data-packed=\"false\" data-vertical-text=\"false\" class=\"txtNew\" id=\"comp-kpzdmw7l\" data-min-height=\"112\">\n<p class=\"font_9\"><span class=\"color_15\"><span>Die\u00a0Kombination\u00a0aus\u00a0 &gt;30 Jahren Branchen-Erfahrung, unlimitierten Suchfeldern und den deutlich unter Marktdurchschnitt rangierenden Honorars\u00e4tzen, die als Erfolgshonorare zudem auch nur nach erfolgreicher Besetzung f\u00e4llig werden, ist nach unserem Wissen\u00a0in dieser Form im deutschen Personalberatungsmarkt einzigartig\u00a0 &#8211; und f\u00fcr Sie als Auftraggeber ist damit jede Beauftragung von A&amp;A Dr. Allmann Personalberatung vollkommen risikofrei.<\/span><\/span><\/p>\n<\/div>\n<p>[\/et_pb_text][\/et_pb_column][\/et_pb_row][et_pb_row column_structure=&#8220;1_2,1_2&#8243; _builder_version=&#8220;4.9.7&#8243; _module_preset=&#8220;default&#8220; custom_margin=&#8220;60px||60px||true|false&#8220;][et_pb_column type=&#8220;1_2&#8243; _builder_version=&#8220;4.9.7&#8243; _module_preset=&#8220;default&#8220;][et_pb_button button_url=&#8220;@ET-DC@eyJkeW5hbWljIjp0cnVlLCJjb250ZW50IjoicG9zdF9saW5rX3VybF9wYWdlIiwic2V0dGluZ3MiOnsicG9zdF9pZCI6IjU0MSJ9fQ==@&#8220; button_text=&#8220;Beratungsgespr\u00e4ch vereinbaren&#8220; button_alignment=&#8220;right&#8220; _builder_version=&#8220;4.9.7&#8243; _dynamic_attributes=&#8220;button_url&#8220; _module_preset=&#8220;default&#8220; custom_button=&#8220;on&#8220; button_text_color=&#8220;#FFFFFF&#8220; button_bg_color=&#8220;#000000&#8243; button_border_radius=&#8220;0px&#8220; button_font=&#8220;Open Sans Condensed||||||||&#8220; button_use_icon=&#8220;off&#8220; custom_css_main_element=&#8220;hover=%22background-color:#000%22;||&#8220; button_bg_color__hover_enabled=&#8220;on|hover&#8220; button_bg_color__hover=&#8220;#FFFFFF&#8220; button_bg_enable_color__hover=&#8220;on&#8220; button_text_color__hover_enabled=&#8220;on|desktop&#8220; button_text_color__hover=&#8220;#000000&#8243; button_border_color__hover_enabled=&#8220;on|hover&#8220; button_border_color__hover=&#8220;#000000&#8243;][\/et_pb_button][\/et_pb_column][et_pb_column type=&#8220;1_2&#8243; _builder_version=&#8220;4.9.7&#8243; _module_preset=&#8220;default&#8220;][et_pb_button button_url=&#8220;@ET-DC@eyJkeW5hbWljIjp0cnVlLCJjb250ZW50IjoicG9zdF9saW5rX3VybF9wYWdlIiwic2V0dGluZ3MiOnsicG9zdF9pZCI6IjUwNyJ9fQ==@&#8220; button_text=&#8220;Vakanz hochladen und Angebot anfordern&#8220; button_alignment=&#8220;left&#8220; _builder_version=&#8220;4.9.7&#8243; _dynamic_attributes=&#8220;button_url&#8220; _module_preset=&#8220;default&#8220; custom_button=&#8220;on&#8220; button_text_color=&#8220;#000000&#8243; button_bg_color=&#8220;#FFFFFF&#8220; button_border_radius=&#8220;0px&#8220; button_font=&#8220;Open Sans Condensed||||||||&#8220; button_use_icon=&#8220;off&#8220; button_bg_color__hover_enabled=&#8220;on|hover&#8220; button_bg_color__hover=&#8220;#000000&#8243; button_bg_enable_color__hover=&#8220;on&#8220; button_text_color__hover_enabled=&#8220;on|hover&#8220; button_text_color__hover=&#8220;#FFFFFF&#8220;][\/et_pb_button][\/et_pb_column][\/et_pb_row][\/et_pb_section]<\/p>\n","protected":false},"excerpt":{"rendered":"<p>[et_pb_section fb_built=&#8220;1&#8243; _builder_version=&#8220;4.9.7&#8243; _module_preset=&#8220;default&#8220;][et_pb_row _builder_version=&#8220;4.9.7&#8243; _module_preset=&#8220;default&#8220;][et_pb_column type=&#8220;4_4&#8243; _builder_version=&#8220;4.9.7&#8243; _module_preset=&#8220;default&#8220;][et_pb_text _builder_version=&#8220;4.9.7&#8243; _module_preset=&#8220;default&#8220; header_font=&#8220;|||on|||||&#8220; header_font_size=&#8220;48px&#8220; header_line_height=&#8220;1.4em&#8220; header_2_font=&#8220;|||on|||||&#8220; header_2_text_align=&#8220;center&#8220; header_2_line_height=&#8220;3em&#8220; custom_padding=&#8220;0px|||||&#8220;] Branchenexpertise Der Berater f\u00fcr Ihre Branche Wir verstehen uns nicht als \u201eAllesk\u00f6nner\u201c, sondern als 2 Headhunting-Spezialisten, die sich ganz bewusst auf unterschiedliche Branchen, zwischen denen m\u00f6glichst wenig \u00dcberschneidungen bestehen, spezialisiert haben. Unser Ziel f\u00fcr Ihren Besetzungserfolg ist [&hellip;]<\/p>\n","protected":false},"author":1,"featured_media":0,"parent":0,"menu_order":0,"comment_status":"closed","ping_status":"closed","template":"","meta":{"_et_pb_use_builder":"on","_et_pb_old_content":"","_et_gb_content_width":""},"_links":{"self":[{"href":"https:\/\/allmannat.sven-halle.de\/index.php?rest_route=\/wp\/v2\/pages\/141"}],"collection":[{"href":"https:\/\/allmannat.sven-halle.de\/index.php?rest_route=\/wp\/v2\/pages"}],"about":[{"href":"https:\/\/allmannat.sven-halle.de\/index.php?rest_route=\/wp\/v2\/types\/page"}],"author":[{"embeddable":true,"href":"https:\/\/allmannat.sven-halle.de\/index.php?rest_route=\/wp\/v2\/users\/1"}],"replies":[{"embeddable":true,"href":"https:\/\/allmannat.sven-halle.de\/index.php?rest_route=%2Fwp%2Fv2%2Fcomments&post=141"}],"version-history":[{"count":15,"href":"https:\/\/allmannat.sven-halle.de\/index.php?rest_route=\/wp\/v2\/pages\/141\/revisions"}],"predecessor-version":[{"id":551,"href":"https:\/\/allmannat.sven-halle.de\/index.php?rest_route=\/wp\/v2\/pages\/141\/revisions\/551"}],"wp:attachment":[{"href":"https:\/\/allmannat.sven-halle.de\/index.php?rest_route=%2Fwp%2Fv2%2Fmedia&parent=141"}],"curies":[{"name":"wp","href":"https:\/\/api.w.org\/{rel}","templated":true}]}}