{"id":34,"date":"2021-06-02T12:40:21","date_gmt":"2021-06-02T12:40:21","guid":{"rendered":"https:\/\/allmannat.sven-halle.de\/?page_id=34"},"modified":"2021-07-13T12:13:54","modified_gmt":"2021-07-13T12:13:54","slug":"warum-aa","status":"publish","type":"page","link":"https:\/\/allmannat.sven-halle.de\/","title":{"rendered":"Warum A&#038;A"},"content":{"rendered":"<p>[et_pb_section fb_built=&#8220;1&#8243; _builder_version=&#8220;4.9.7&#8243; _module_preset=&#8220;default&#8220;][et_pb_row column_structure=&#8220;1_3,1_3,1_3&#8243; use_custom_gutter=&#8220;on&#8220; gutter_width=&#8220;1&#8243; _builder_version=&#8220;4.9.7&#8243; _module_preset=&#8220;default&#8220;][et_pb_column type=&#8220;1_3&#8243; _builder_version=&#8220;4.9.7&#8243; _module_preset=&#8220;default&#8220; custom_padding=&#8220;0px|0px|0px|0px|false|false&#8220;][et_pb_image src=&#8220;https:\/\/allmannat.sven-halle.de\/wp-content\/uploads\/2021\/07\/ja.jpg&#8220; title_text=&#8220;ja&#8220; _builder_version=&#8220;4.9.7&#8243; _module_preset=&#8220;default&#8220;][\/et_pb_image][et_pb_text _builder_version=&#8220;4.9.7&#8243; _module_preset=&#8220;default&#8220; custom_padding=&#8220;30px||30px|30px|true|false&#8220; hover_enabled=&#8220;0&#8243; sticky_enabled=&#8220;0&#8243;]<\/p>\n<h4><span style=\"font-family: inherit; font-weight: normal; font-size: large;\">Dr. Joachim Allmann<\/span><\/h4>\n<p>Headhunter seit 1989 mit Fokus<br \/>\n1. Industrie<br \/>\n2. Automotive &amp; Zulieferer<br \/>\n3. Chemie<\/p>\n<p><a href=\"mailto:ja@allmannpb.de\"><img loading=\"lazy\" src=\"https:\/\/allmannat.sven-halle.de\/wp-content\/uploads\/2021\/07\/mail.png\" width=\"51\" height=\"43\" alt=\"\" class=\"wp-image-430 alignnone size-full\" \/><\/a><a href=\"http:\/\/www.xing.com\/profile\/Joachim_Allmann\"><img loading=\"lazy\" src=\"https:\/\/allmannat.sven-halle.de\/wp-content\/uploads\/2021\/07\/xing-1.png\" width=\"84\" height=\"43\" alt=\"\" class=\"wp-image-431 alignnone size-full\" \/><\/a><a href=\"http:\/\/www.xing.com\/profile\/Joachim_Allmann\"><img loading=\"lazy\" src=\"https:\/\/allmannat.sven-halle.de\/wp-content\/uploads\/2021\/07\/in.png\" width=\"91\" height=\"43\" alt=\"\" class=\"wp-image-429 alignnone size-full\" \/><\/a>[\/et_pb_text][\/et_pb_column][et_pb_column type=&#8220;1_3&#8243; _builder_version=&#8220;4.9.7&#8243; _module_preset=&#8220;default&#8220; custom_padding=&#8220;0px|0px|0px|0px|true|true&#8220;][et_pb_image src=&#8220;https:\/\/allmannat.sven-halle.de\/wp-content\/uploads\/2021\/07\/jn.jpg&#8220; title_text=&#8220;jn&#8220; _builder_version=&#8220;4.9.7&#8243; _module_preset=&#8220;default&#8220;][\/et_pb_image][et_pb_text _builder_version=&#8220;4.9.7&#8243; _module_preset=&#8220;default&#8220; width=&#8220;100%&#8220; custom_padding=&#8220;30px||30px|30px|true|false&#8220;]<\/p>\n<h4>Julia N\u00f6hrba\u00df<\/h4>\n<p>Research und<br \/>Projektmanagement<br \/>seit 2010<\/p>\n<p><\/p>\n<p><a href=\"http:\/\/www.xing.com\/profile\/Joachim_Allmann\"><img loading=\"lazy\" src=\"https:\/\/allmannat.sven-halle.de\/wp-content\/uploads\/2021\/07\/mail.png\" width=\"51\" height=\"43\" alt=\"\" class=\"wp-image-430 alignnone size-full\" \/><img loading=\"lazy\" src=\"https:\/\/allmannat.sven-halle.de\/wp-content\/uploads\/2021\/07\/xing-1.png\" width=\"84\" height=\"43\" alt=\"\" class=\"wp-image-431 alignnone size-full\" \/><img loading=\"lazy\" src=\"https:\/\/allmannat.sven-halle.de\/wp-content\/uploads\/2021\/07\/in.png\" width=\"91\" height=\"43\" alt=\"\" class=\"wp-image-429 alignnone size-full\" \/><\/a><\/p>\n<p>[\/et_pb_text][\/et_pb_column][et_pb_column type=&#8220;1_3&#8243; _builder_version=&#8220;4.9.7&#8243; _module_preset=&#8220;default&#8220; custom_padding=&#8220;0px|0px|0px|0px|true|true&#8220;][et_pb_image src=&#8220;https:\/\/allmannat.sven-halle.de\/wp-content\/uploads\/2021\/07\/js-1.jpg&#8220; title_text=&#8220;js&#8220; _builder_version=&#8220;4.9.7&#8243; _module_preset=&#8220;default&#8220;][\/et_pb_image][et_pb_image src=&#8220;https:\/\/allmannat.sven-halle.de\/wp-content\/uploads\/2021\/07\/stoerer.gif&#8220; title_text=&#8220;stoerer&#8220; disabled_on=&#8220;on|on|off&#8220; _builder_version=&#8220;4.9.7&#8243; _module_preset=&#8220;default&#8220; positioning=&#8220;absolute&#8220; vertical_offset=&#8220;-53px&#8220; horizontal_offset=&#8220;251px&#8220; z_index=&#8220;500&#8243; width=&#8220;56.3%&#8220; custom_margin=&#8220;||||false|false&#8220; custom_padding=&#8220;|6px||||&#8220; custom_css_main_element=&#8220;width:300px;||overflow:hidden;&#8220;][\/et_pb_image][et_pb_text _builder_version=&#8220;4.9.7&#8243; _module_preset=&#8220;default&#8220; custom_padding=&#8220;30px||30px|30px|true|false&#8220;]<\/p>\n<h4>J\u00fcrgen Seelig<\/h4>\n<p>Management seit 1986 und Headhunter<br \/>seit 2007 mit Fokus<br \/>1. Konsumg\u00fcter \/FMCG inkl. Retail<br \/>2. Pharma<br \/>3. Medizintechnik<\/p>\n<p><a href=\"http:\/\/www.xing.com\/profile\/Joachim_Allmann\"><img loading=\"lazy\" src=\"https:\/\/allmannat.sven-halle.de\/wp-content\/uploads\/2021\/07\/mail.png\" width=\"51\" height=\"43\" alt=\"\" class=\"wp-image-430 alignnone size-full\" \/><img loading=\"lazy\" src=\"https:\/\/allmannat.sven-halle.de\/wp-content\/uploads\/2021\/07\/xing-1.png\" width=\"84\" height=\"43\" alt=\"\" class=\"wp-image-431 alignnone size-full\" \/><img loading=\"lazy\" src=\"https:\/\/allmannat.sven-halle.de\/wp-content\/uploads\/2021\/07\/in.png\" width=\"91\" height=\"43\" alt=\"\" class=\"wp-image-429 alignnone size-full\" \/><\/a><\/p>\n<p>[\/et_pb_text][\/et_pb_column][\/et_pb_row][et_pb_row _builder_version=&#8220;4.9.7&#8243; _module_preset=&#8220;default&#8220;][et_pb_column type=&#8220;4_4&#8243; _builder_version=&#8220;4.9.7&#8243; _module_preset=&#8220;default&#8220;][et_pb_text content_tablet=&#8220;<\/p>\n<h1 class=%22font_5%22><span class=%22color_15%22><span>WARUM <nobr>A&#038;A DR. ALLMANN<\/nobr> PERSONALBERATUNG?<\/span><\/span><\/h1>\n<p>&#8220; content_phone=&#8220;<\/p>\n<h1 class=%22font_5%22><span class=%22color_15%22><span>WARUM <nobr>A&#038;A DR. ALLMANN<\/nobr> PERSONALBERATUNG?<\/span><\/span><\/h1>\n<p>&#8220; content_last_edited=&#8220;on|phone&#8220; _builder_version=&#8220;4.9.7&#8243; _module_preset=&#8220;default&#8220; header_text_align=&#8220;center&#8220; header_font_size=&#8220;48px&#8220; header_letter_spacing=&#8220;1px&#8220; header_line_height=&#8220;1.4em&#8220; header_font_tablet=&#8220;&#8220; header_font_phone=&#8220;|600|||||||&#8220; header_font_last_edited=&#8220;on|phone&#8220; header_font_size_tablet=&#8220;&#8220; header_font_size_phone=&#8220;26px&#8220; header_font_size_last_edited=&#8220;on|phone&#8220;]<\/p>\n<h1 class=\"font_5\"><span class=\"color_15\"><span>WARUM A&amp;A DR. ALLMANN PERSONALBERATUNG?<\/span><\/span><\/h1>\n<p>[\/et_pb_text][\/et_pb_column][\/et_pb_row][et_pb_row _builder_version=&#8220;4.9.7&#8243; _module_preset=&#8220;default&#8220;][et_pb_column type=&#8220;4_4&#8243; _builder_version=&#8220;4.9.7&#8243; _module_preset=&#8220;default&#8220;][et_pb_text _builder_version=&#8220;4.9.7&#8243; _module_preset=&#8220;default&#8220; header_font_size=&#8220;48px&#8220; header_letter_spacing=&#8220;1px&#8220; header_line_height=&#8220;1.4em&#8220; text_orientation=&#8220;center&#8220;]<\/p>\n<h2 class=\"font_6\"><span class=\"color_15\"><span>3 GR\u00dcNDE DIE DEN UNTERSCHIED MACHEN VERGLEICHEN SIE SELBST<\/span><\/span><\/h2>\n<p>[\/et_pb_text][\/et_pb_column][\/et_pb_row][et_pb_row _builder_version=&#8220;4.9.7&#8243; _module_preset=&#8220;default&#8220;][et_pb_column type=&#8220;4_4&#8243; _builder_version=&#8220;4.9.7&#8243; _module_preset=&#8220;default&#8220;][et_pb_text _builder_version=&#8220;4.9.7&#8243; _module_preset=&#8220;default&#8220; background_color=&#8220;rgba(150,150,150,0.16)&#8220; custom_padding=&#8220;60px|60px|60px|60px|true|true&#8220; custom_padding_tablet=&#8220;&#8220; custom_padding_phone=&#8220;20px|20px|20px|20px|true|true&#8220; custom_padding_last_edited=&#8220;on|phone&#8220;]<\/p>\n<div data-packed=\"false\" data-vertical-text=\"false\" class=\"txtNew\" id=\"comp-kpzdmw7i4\" data-min-height=\"91\">\n<span class='et-dropcap'>1<\/span>\n<h3 class=\"font_0\"><strong><span class=\"color_15\">ZWEI HEADHUNTING-EXPERTEN MIT <\/span>\u00dcBER 30 JAHREN BRANCHEN-ERFAHRUNG<\/strong><\/h3>\n<h3 class=\"font_0\"><span class=\"color_15\" style=\"font-size: medium;\">DIE BASIS ERFOLGEICHER DIRETKTANSPRACHE<\/span><\/h3>\n<\/div>\n<div data-packed=\"false\" data-vertical-text=\"false\" data-min-height=\"364\" class=\"txtNew\" id=\"comp-kpzdmw7j\">\n<p class=\"font_9\"><span class=\"color_15\">Wir sind 2 Headhunter, die sich auf jeweils 3 klar abgegrenzte Branchen spezialisiert haben, in denen wir ein hohes Ma\u00df an Expertise, ein exzellentes Netzwerk und damit auch den h\u00e4ufig\u00a0 entscheidenden direkten und pers\u00f6nlichen Zugang zu vielen der akut und latent wechselbereiten Kandidaten haben.<\/span><\/p>\n<p class=\"font_9\"><span class=\"color_15\"><span class=\"wixGuard\">\u200b<\/span><\/span><\/p>\n<p class=\"font_9\"><span class=\"color_15\"><span><strong>Dr. Joachim Allmann<\/strong>\u00a0<\/span>(Headhunter seit 1989; Pionier der erfolgsbasierten Personalberatung in Deutschland ):<\/span><\/p>\n<ol class=\"font_9 color_15\">\n<li><span class=\"color_15\"><span>Industrie (speziell Maschinen- und Anlagenbau)<\/span><\/span><\/li>\n<li><span class=\"color_15\"><span>Automotive &amp; Zulieferer<\/span><\/span><\/li>\n<li><span class=\"color_15\"><span>Chemie<\/span><\/span><\/li>\n<\/ol>\n<p><strong>J\u00fcrgen Seelig<\/strong> (Management- und Beratungserfahrung seit 1986, Headhunter seit 2007):<\/p>\n<p>1. Konsumg\u00fcter \/ FMCG inkl. Retail<br \/>2. Pharma<br \/>3. Medizintechnik<\/p>\n<\/div>\n<p>[\/et_pb_text][\/et_pb_column][\/et_pb_row][et_pb_row _builder_version=&#8220;4.9.7&#8243; _module_preset=&#8220;default&#8220;][et_pb_column type=&#8220;4_4&#8243; _builder_version=&#8220;4.9.7&#8243; _module_preset=&#8220;default&#8220;][et_pb_text _builder_version=&#8220;4.9.7&#8243; _module_preset=&#8220;default&#8220; background_color=&#8220;rgba(150,150,150,0.16)&#8220; custom_padding=&#8220;60px|60px|60px|60px|true|true&#8220; custom_padding_tablet=&#8220;&#8220; custom_padding_phone=&#8220;20px|20px|20px|20px|true|true&#8220; custom_padding_last_edited=&#8220;on|phone&#8220;]<\/p>\n<div data-packed=\"false\" data-vertical-text=\"false\" class=\"txtNew\" id=\"comp-kpzdmw7i4\" data-min-height=\"91\">\n<div data-packed=\"false\" data-vertical-text=\"false\" class=\"txtNew\" id=\"comp-kpzdmw7k\" data-min-height=\"91\">\n<span class='et-dropcap'>2<\/span>\n<h3 class=\"font_0\"><strong><span class=\"color_15\">GARANTIERT MAXIMALE KANDIDATEN-SUCHFELDER<\/span><\/strong><\/h3>\n<h3 class=\"font_0\"><span class=\"color_15\"><span style=\"font-size: medium;\">DER ENTSCHEIDENDE\u00a0 UNTERSCHIED\u00a0IM BESETZUNGSERFOLG<\/span>\u00a0<\/span><\/h3>\n<\/div>\n<div data-packed=\"false\" data-vertical-text=\"false\" class=\"txtNew\" id=\"comp-kpzdmw7k1\" data-min-height=\"420\">\n<p class=\"font_9\"><span class=\"color_15\"><span>Vielen Auftraggebern nicht bewu\u00dft: Gr\u00f6\u00dfere Headhunting-Unternehmen, in denen teilweise 5 und mehr Berater auf die gleiche Branche spezialisiert sind, blockieren sich im Rahmen der Kandiatensuche und -ansprache\u00a0 gegenseitig. Sie reduzieren damit von vornherein in erheblichem Ma\u00dfe ihr Kandidaten-Suchfeld und damit die Chacen einer erfolgreichen Stellenbesetzung.<\/span><\/span><\/p>\n<p class=\"font_9\"><span class=\"color_15\">H\u00e4ufig starten Suchprojekte in diesen Unternehmen mit einer &#8222;Off-Limit-Liste&#8220; von 100 &#8211; 500 (!) Kandidaten, die f\u00fcr ein Projekt interessant w\u00e4ren, aber nicht angesprochen werden d\u00fcrfen, da es sich um Mitarbeiter des Kundenunternehmens eines seiner Beraterkollegen handelt.<\/span><\/p>\n<p class=\"font_9\"><span class=\"color_15\"><span><span class=\"wixGuard\">\u200b<\/span><\/span><\/span><\/p>\n<p class=\"font_9\"><span class=\"color_15\"><span>Im Gegensatz zu diesen gr\u00f6\u00dferen Branchen-Spezialisten erm\u00f6glicht A&amp;A seinen Kunden in jedem Projekt maximale Kandidatensuchfelder, da wir uns ganz bewu\u00dft auf zwei Berater beschr\u00e4nken. Diese agieren in jeweils 3 unterschiedlichen, voneinander getrennten Branchen. Damit hat jeder Berater f\u00fcr seine Suchprojekte ein vollkommen freies &#8222;Jagdfeld&#8220; nach den bestgeeigneten Kandidaten seiner Branchen.<\/span><\/span><\/p>\n<p class=\"font_9\"><span class=\"color_15\"><span>Nur dadurch sind wir in der Lage in jedem Projekt und \u00fcber all die Jahre hinweg konstant die konstant hohen Besetzungsquoten zu erzielen, die es uns erlauben unsere Leistungen auf Erfolgsbasis anzubieten.<\/span><\/span><\/p>\n<\/div>\n<\/div>\n<div data-packed=\"false\" data-vertical-text=\"false\" data-min-height=\"364\" class=\"txtNew\" id=\"comp-kpzdmw7j\"><\/div>\n<p>[\/et_pb_text][\/et_pb_column][\/et_pb_row][et_pb_row _builder_version=&#8220;4.9.7&#8243; _module_preset=&#8220;default&#8220;][et_pb_column type=&#8220;4_4&#8243; _builder_version=&#8220;4.9.7&#8243; _module_preset=&#8220;default&#8220;][et_pb_text _builder_version=&#8220;4.9.7&#8243; _module_preset=&#8220;default&#8220; background_color=&#8220;rgba(150,150,150,0.16)&#8220; custom_padding=&#8220;60px|60px|60px|60px|true|true&#8220; custom_padding_tablet=&#8220;&#8220; custom_padding_phone=&#8220;20px|20px|20px|20px|true|true&#8220; custom_padding_last_edited=&#8220;on|phone&#8220;]<\/p>\n<div data-packed=\"false\" data-vertical-text=\"false\" class=\"txtNew\" id=\"comp-kpzdmw7i4\" data-min-height=\"91\">\n<div data-packed=\"false\" data-vertical-text=\"false\" class=\"txtNew\" id=\"comp-kpzdmw7k\" data-min-height=\"91\">\n<div data-packed=\"false\" data-vertical-text=\"false\" class=\"txtNew\" id=\"comp-kpzdmw7k3\" data-min-height=\"61\">\n<span class='et-dropcap'>3<\/span>\n<h3 class=\"font_0\"><strong><span class=\"color_15\">HONORAR NUR 15 &#8211; 20% VOM JAHRESBRUTTO &#8211; UND NUR BEI ERFOLG<\/span><\/strong><\/h3>\n<h3 class=\"font_0\"><span class=\"color_15\" style=\"font-size: medium;\">UNSERE ANTWORT AUF ENGE RECRUITING-BUDGETS<\/span><\/h3>\n<\/div>\n<div data-packed=\"false\" data-vertical-text=\"false\" class=\"txtNew\" id=\"comp-kpzdmw7k4\" data-min-height=\"140\">\n<p class=\"font_9\"><span class=\"color_15\">Nur durch unsere hohe Besetzungsquote sind wir seit dem Tag der Gr\u00fcndung von A&amp;A Dr. Allmann Personalberatung im Jahr 2003 in der Lage, unsere Leistungen mit einem Erfolgshonorar und zudem zu Honorars\u00e4tzen, die nach einer Studie des BDU deutlich unter den markt\u00fcblichen Honarars\u00e4tzen von 26% liegen, anzubieten:<\/span><\/p>\n<p class=\"font_9\"><span class=\"color_15\"><span class=\"wixGuard\">\u200b<\/span><\/span><\/p>\n<p class=\"font_9\"><strong><span class=\"color_15\">15 &#8211; 20% vom Jahresbrutto des Kandidaten als Erfolgshonorar &#8211; Nur f\u00e4llig, wenn wir Ihre Position erfolgreich besetzt haben!<\/span><\/strong><\/p>\n<\/div>\n<\/div>\n<div data-packed=\"false\" data-vertical-text=\"false\" class=\"txtNew\" id=\"comp-kpzdmw7k1\" data-min-height=\"420\"><\/div>\n<\/div>\n<div data-packed=\"false\" data-vertical-text=\"false\" data-min-height=\"364\" class=\"txtNew\" id=\"comp-kpzdmw7j\"><\/div>\n<p>[\/et_pb_text][\/et_pb_column][\/et_pb_row][et_pb_row _builder_version=&#8220;4.9.7&#8243; _module_preset=&#8220;default&#8220;][et_pb_column type=&#8220;4_4&#8243; _builder_version=&#8220;4.9.7&#8243; _module_preset=&#8220;default&#8220;][et_pb_text _builder_version=&#8220;4.9.7&#8243; _module_preset=&#8220;default&#8220; custom_padding=&#8220;|60px||60px|false|true&#8220; custom_padding_tablet=&#8220;&#8220; custom_padding_phone=&#8220;|15px||15px|false|true&#8220; custom_padding_last_edited=&#8220;on|phone&#8220;]<\/p>\n<div data-packed=\"false\" data-vertical-text=\"false\" class=\"txtNew\" id=\"comp-kpzdmw7k6\" data-min-height=\"61\">\n<h3 class=\"font_0\"><span class=\"color_15\"><span><strong>FAZIT<\/strong>: HERAUSRAGENDES PREIS-LEISTUNGSVERH\u00c4LTNIS<\/span><\/span><\/h3>\n<h3 class=\"font_0\"><span class=\"color_15\">TESTEN SIE UNS &#8211; OHNE JEDES RISIKO !<\/span><\/h3>\n<\/div>\n<div data-packed=\"false\" data-vertical-text=\"false\" class=\"txtNew\" id=\"comp-kpzdmw7l\" data-min-height=\"112\">\n<p class=\"font_9\"><span class=\"color_15\"><span>Die\u00a0Kombination\u00a0aus\u00a0 &gt;30 Jahren Branchen-Erfahrung, unlimitierten Suchfeldern und den deutlich unter Marktdurchschnitt rangierenden Honorars\u00e4tzen, die als Erfolgshonorare zudem auch nur nach erfolgreicher Besetzung f\u00e4llig werden, ist nach unserem Wissen\u00a0in dieser Form im deutschen Personalberatungsmarkt einzigartig\u00a0 &#8211; und f\u00fcr Sie als Auftraggeber ist damit jede Beauftragung von A&amp;A Dr. Allmann Personalberatung vollkommen risikofrei.<\/span><\/span><\/p>\n<\/div>\n<p>[\/et_pb_text][\/et_pb_column][\/et_pb_row][et_pb_row column_structure=&#8220;1_2,1_2&#8243; _builder_version=&#8220;4.9.7&#8243; _module_preset=&#8220;default&#8220; custom_margin=&#8220;60px||60px||true|false&#8220;][et_pb_column type=&#8220;1_2&#8243; _builder_version=&#8220;4.9.7&#8243; _module_preset=&#8220;default&#8220;][et_pb_button button_url=&#8220;@ET-DC@eyJkeW5hbWljIjp0cnVlLCJjb250ZW50IjoicG9zdF9saW5rX3VybF9wYWdlIiwic2V0dGluZ3MiOnsicG9zdF9pZCI6IjU0MSJ9fQ==@&#8220; button_text=&#8220;Beratungsgespr\u00e4ch vereinbaren&#8220; button_alignment=&#8220;right&#8220; _builder_version=&#8220;4.9.7&#8243; _dynamic_attributes=&#8220;button_url&#8220; _module_preset=&#8220;default&#8220; custom_button=&#8220;on&#8220; button_text_color=&#8220;#FFFFFF&#8220; button_bg_color=&#8220;#000000&#8243; button_border_radius=&#8220;0px&#8220; button_font=&#8220;Open Sans Condensed||||||||&#8220; button_use_icon=&#8220;off&#8220; custom_css_main_element=&#8220;hover=%22background-color:#000%22;||&#8220; button_bg_color__hover_enabled=&#8220;on|hover&#8220; button_bg_color__hover=&#8220;#FFFFFF&#8220; button_bg_enable_color__hover=&#8220;on&#8220; button_text_color__hover_enabled=&#8220;on|desktop&#8220; button_text_color__hover=&#8220;#000000&#8243; button_border_color__hover_enabled=&#8220;on|hover&#8220; button_border_color__hover=&#8220;#000000&#8243;][\/et_pb_button][\/et_pb_column][et_pb_column type=&#8220;1_2&#8243; _builder_version=&#8220;4.9.7&#8243; _module_preset=&#8220;default&#8220;][et_pb_button button_url=&#8220;@ET-DC@eyJkeW5hbWljIjp0cnVlLCJjb250ZW50IjoicG9zdF9saW5rX3VybF9wYWdlIiwic2V0dGluZ3MiOnsicG9zdF9pZCI6IjUwNyJ9fQ==@&#8220; button_text=&#8220;Vakanz hochladen und Angebot anfordern&#8220; button_alignment=&#8220;left&#8220; _builder_version=&#8220;4.9.7&#8243; _dynamic_attributes=&#8220;button_url&#8220; _module_preset=&#8220;default&#8220; custom_button=&#8220;on&#8220; button_text_color=&#8220;#000000&#8243; button_bg_color=&#8220;#FFFFFF&#8220; button_border_radius=&#8220;0px&#8220; button_font=&#8220;Open Sans Condensed||||||||&#8220; button_use_icon=&#8220;off&#8220; button_bg_color__hover_enabled=&#8220;on|hover&#8220; button_bg_color__hover=&#8220;#000000&#8243; button_bg_enable_color__hover=&#8220;on&#8220; button_text_color__hover_enabled=&#8220;on|hover&#8220; button_text_color__hover=&#8220;#FFFFFF&#8220;][\/et_pb_button][\/et_pb_column][\/et_pb_row][\/et_pb_section][et_pb_section fb_built=&#8220;1&#8243; _builder_version=&#8220;4.9.7&#8243; _module_preset=&#8220;default&#8220; background_color=&#8220;rgba(0,0,0,0.1)&#8220;][et_pb_row column_structure=&#8220;1_4,1_4,1_4,1_4&#8243; _builder_version=&#8220;4.9.7&#8243; _module_preset=&#8220;default&#8220;][et_pb_column type=&#8220;1_4&#8243; _builder_version=&#8220;4.9.7&#8243; _module_preset=&#8220;default&#8220;][et_pb_text _builder_version=&#8220;4.9.7&#8243; _module_preset=&#8220;default&#8220; text_line_height=&#8220;1.2em&#8220; header_4_line_height=&#8220;1.8em&#8220;]<\/p>\n<h4><span style=\"text-decoration: underline;\">F\u00fcr Auftraggeber<\/span><\/h4>\n<p><a href=\"#\">Warum A&amp;A<\/a><\/p>\n<p><a href=\"\/?page_id=141\">Branchenexpertise&amp;Berater<\/a><\/p>\n<p><a href=\"\/?page_id=141#besetzungsschwerpunkte\">Besetzungsschwerpunkte<\/a><\/p>\n<p><a href=\"\/?page_id=135\">Referenzprojekte<\/a><\/p>\n<p><a href=\"\/?page_id=139\">Kosten\/Erfolgshonorar<\/a><\/p>\n<p>[\/et_pb_text][\/et_pb_column][et_pb_column type=&#8220;1_4&#8243; _builder_version=&#8220;4.9.7&#8243; _module_preset=&#8220;default&#8220;][et_pb_text _builder_version=&#8220;4.9.7&#8243; _module_preset=&#8220;default&#8220; text_line_height=&#8220;1.2em&#8220; header_4_line_height=&#8220;1.8em&#8220;]<\/p>\n<h4><span style=\"text-decoration: underline;\">F\u00fcr Kandidaten<\/span><\/h4>\n<p><a href=\"\/?page_id=133#warum\">Warum A&amp;A als Karrierebegleiter<\/a><\/p>\n<p><a href=\"\/?page_id=141\">Branchenexpertise&amp;Berater<\/a><\/p>\n<p>[\/et_pb_text][\/et_pb_column][et_pb_column type=&#8220;1_4&#8243; _builder_version=&#8220;4.9.7&#8243; _module_preset=&#8220;default&#8220;][et_pb_text _builder_version=&#8220;4.9.7&#8243; _module_preset=&#8220;default&#8220; text_line_height=&#8220;1.2em&#8220; header_4_line_height=&#8220;1.8em&#8220;]<\/p>\n<h4><span style=\"text-decoration: underline;\">\u00dcber uns<\/span><\/h4>\n<p><a href=\"\/?page_id=124\">Historie<\/a><\/p>\n<p><a href=\"\/?page_id=124#leitbild\">Leitbild<\/a><\/p>\n<p><a href=\"\/?page_id=124#beratung\">Beratungsleistungen<\/a><\/p>\n<p><a href=\"\/?page_id=124#team\">Team &amp; Standorte<\/a><\/p>\n<p>[\/et_pb_text][\/et_pb_column][et_pb_column type=&#8220;1_4&#8243; _builder_version=&#8220;4.9.7&#8243; _module_preset=&#8220;default&#8220;][et_pb_text _builder_version=&#8220;4.9.7&#8243; _module_preset=&#8220;default&#8220; text_line_height=&#8220;1.2em&#8220; header_4_line_height=&#8220;1.8em&#8220;]<\/p>\n<h4><span style=\"text-decoration: underline;\">Stellenangebote<\/span><\/h4>\n<p><span>Produkt-Manager*in FMCG ...<br \/><br \/>Leitung Einkauf (m\/w\/d) ...<br \/><br \/>Vertriebsingenieur (m\/w\/...<br \/><br \/><\/span><\/p>\n<p><a href=\"\/?page_id=131\">mehr&#8230;<\/a><span><\/span><\/p>\n<p>[\/et_pb_text][\/et_pb_column][\/et_pb_row][\/et_pb_section]<\/p>\n","protected":false},"excerpt":{"rendered":"<p>[et_pb_section fb_built=&#8220;1&#8243; _builder_version=&#8220;4.9.7&#8243; _module_preset=&#8220;default&#8220;][et_pb_row column_structure=&#8220;1_3,1_3,1_3&#8243; use_custom_gutter=&#8220;on&#8220; gutter_width=&#8220;1&#8243; _builder_version=&#8220;4.9.7&#8243; _module_preset=&#8220;default&#8220;][et_pb_column type=&#8220;1_3&#8243; _builder_version=&#8220;4.9.7&#8243; _module_preset=&#8220;default&#8220; custom_padding=&#8220;0px|0px|0px|0px|false|false&#8220;][et_pb_image src=&#8220;https:\/\/allmannat.sven-halle.de\/wp-content\/uploads\/2021\/07\/ja.jpg&#8220; title_text=&#8220;ja&#8220; _builder_version=&#8220;4.9.7&#8243; _module_preset=&#8220;default&#8220;][\/et_pb_image][et_pb_text _builder_version=&#8220;4.9.7&#8243; _module_preset=&#8220;default&#8220; custom_padding=&#8220;30px||30px|30px|true|false&#8220; hover_enabled=&#8220;0&#8243; sticky_enabled=&#8220;0&#8243;] Dr. Joachim Allmann Headhunter seit 1989 mit Fokus 1. Industrie 2. Automotive &amp; Zulieferer 3. Chemie [\/et_pb_text][\/et_pb_column][et_pb_column type=&#8220;1_3&#8243; _builder_version=&#8220;4.9.7&#8243; _module_preset=&#8220;default&#8220; custom_padding=&#8220;0px|0px|0px|0px|true|true&#8220;][et_pb_image src=&#8220;https:\/\/allmannat.sven-halle.de\/wp-content\/uploads\/2021\/07\/jn.jpg&#8220; title_text=&#8220;jn&#8220; _builder_version=&#8220;4.9.7&#8243; _module_preset=&#8220;default&#8220;][\/et_pb_image][et_pb_text _builder_version=&#8220;4.9.7&#8243; _module_preset=&#8220;default&#8220; width=&#8220;100%&#8220; custom_padding=&#8220;30px||30px|30px|true|false&#8220;] Julia N\u00f6hrba\u00df Research undProjektmanagementseit [&hellip;]<\/p>\n","protected":false},"author":1,"featured_media":0,"parent":0,"menu_order":0,"comment_status":"closed","ping_status":"closed","template":"","meta":{"_et_pb_use_builder":"on","_et_pb_old_content":"","_et_gb_content_width":""},"_links":{"self":[{"href":"https:\/\/allmannat.sven-halle.de\/index.php?rest_route=\/wp\/v2\/pages\/34"}],"collection":[{"href":"https:\/\/allmannat.sven-halle.de\/index.php?rest_route=\/wp\/v2\/pages"}],"about":[{"href":"https:\/\/allmannat.sven-halle.de\/index.php?rest_route=\/wp\/v2\/types\/page"}],"author":[{"embeddable":true,"href":"https:\/\/allmannat.sven-halle.de\/index.php?rest_route=\/wp\/v2\/users\/1"}],"replies":[{"embeddable":true,"href":"https:\/\/allmannat.sven-halle.de\/index.php?rest_route=%2Fwp%2Fv2%2Fcomments&post=34"}],"version-history":[{"count":94,"href":"https:\/\/allmannat.sven-halle.de\/index.php?rest_route=\/wp\/v2\/pages\/34\/revisions"}],"predecessor-version":[{"id":565,"href":"https:\/\/allmannat.sven-halle.de\/index.php?rest_route=\/wp\/v2\/pages\/34\/revisions\/565"}],"wp:attachment":[{"href":"https:\/\/allmannat.sven-halle.de\/index.php?rest_route=%2Fwp%2Fv2%2Fmedia&parent=34"}],"curies":[{"name":"wp","href":"https:\/\/api.w.org\/{rel}","templated":true}]}}